{"id":17309,"date":"2022-02-17T22:14:11","date_gmt":"2022-02-17T21:19:48","guid":{"rendered":"https:\/\/apimat.ch\/?post_type=product&#038;p=17309"},"modified":"2022-02-17T22:19:48","modified_gmt":"2022-02-17T21:19:48","slug":"leicht-konisch-honigfaesser-300kg-inhalt","status":"publish","type":"product","link":"https:\/\/apimat.ch\/de\/produit\/leicht-konisch-honigfaesser-300kg-inhalt\/","title":{"rendered":"Leicht-konisch Honigf\u00e4sser , 300Kg Inhalt"},"content":{"rendered":"<h3>Leicht-konisch Honigf\u00e4sser , 300Kg Inhalt<\/h3>\n<p>Leicht-konisch Honigf\u00e4sser , 300Kg Inhalt , hergestellt aus lackiertem Stahlblech, Innenseite mit lebensmittelchter Farbe lackiert. Durch die leicht konische Form k\u00f6nnen diese F\u00e4sser sehr gut ineinander gestapelt werden, so dass das Volumen stark reduziert und die Lagerung und der Transport extrem vereinfacht werden. Der Deckel l\u00e4sst sich ganz \u00f6ffnen und entfernen und wird mit einem Spannring gehalten. Die Au\u00dfenw\u00e4nde sind lackiert. Durchmesser oben \u00d8 570mm-H 1030mm.<\/p>\n<p>&nbsp;<\/p>\n<p class=\"p1\"><b>DIE PREISE SIND JE NACH MENGE DEGRESSIV.<\/b><\/p>\n<p class=\"p1\"><b>F\u00fcr weitere Informationen kontaktieren Sie mich bitte.<\/b><\/p>\n<p class=\"p2\"><span class=\"s1\"><a href=\"mailto:info@apimat.ch\"><b>info@apimat.ch<\/b><\/a><\/span><\/p>\n<p class=\"p1\"><b>Telefon: 076 213 80 33<\/b><\/p>\n","protected":false},"excerpt":{"rendered":"<p>Leicht-konisch Honigf\u00e4sser , 300Kg Inhalt Leicht-konisch Honigf\u00e4sser , 300Kg Inhalt , hergestellt aus lackiertem Stahlblech, Innenseite mit lebensmittelchter Farbe lackiert. Durch die leicht konische Form k\u00f6nnen diese F\u00e4sser sehr gut ineinander gestapelt werden, so dass das Volumen stark reduziert und die Lagerung und der Transport extrem vereinfacht werden. Der Deckel l\u00e4sst sich ganz \u00f6ffnen und [&hellip;]<\/p>\n","protected":false},"featured_media":17304,"template":"","meta":{"_uf_show_specific_survey":0,"_uf_disable_surveys":false},"product_cat":[108],"product_tag":[],"aioseo_notices":[],"_links":{"self":[{"href":"https:\/\/apimat.ch\/de\/wp-json\/wp\/v2\/product\/17309"}],"collection":[{"href":"https:\/\/apimat.ch\/de\/wp-json\/wp\/v2\/product"}],"about":[{"href":"https:\/\/apimat.ch\/de\/wp-json\/wp\/v2\/types\/product"}],"wp:featuredmedia":[{"embeddable":true,"href":"https:\/\/apimat.ch\/de\/wp-json\/wp\/v2\/media\/17304"}],"wp:attachment":[{"href":"https:\/\/apimat.ch\/de\/wp-json\/wp\/v2\/media?parent=17309"}],"wp:term":[{"taxonomy":"product_cat","embeddable":true,"href":"https:\/\/apimat.ch\/de\/wp-json\/wp\/v2\/product_cat?post=17309"},{"taxonomy":"product_tag","embeddable":true,"href":"https:\/\/apimat.ch\/de\/wp-json\/wp\/v2\/product_tag?post=17309"}],"curies":[{"name":"wp","href":"https:\/\/api.w.org\/{rel}","templated":true}]}}