{"id":17347,"date":"2022-02-21T18:34:17","date_gmt":"2022-02-21T17:42:08","guid":{"rendered":"https:\/\/apimat.ch\/?post_type=product&#038;p=17347"},"modified":"2022-03-05T07:03:48","modified_gmt":"2022-03-05T06:03:48","slug":"gewuerznelke-reines-aetherisches-oel-15-ml-tropfflasche","status":"publish","type":"product","link":"https:\/\/apimat.ch\/de\/produit\/gewuerznelke-reines-aetherisches-oel-15-ml-tropfflasche\/","title":{"rendered":"Gew\u00fcrznelke, reines \u00e4therisches \u00d6l, 10 ml Tropfflasche"},"content":{"rendered":"<h3>Gew\u00fcrznelke, reines \u00e4therisches \u00d6l, 10 ml Tropfflasche<\/h3>\n<p>Geben Sie 20 Tropfen auf ein Tuch und bewahren Sie es in einer Plastikt\u00fcte auf, um die Haltbarkeit zu verl\u00e4ngern und die Windel beim n\u00e4chsten Besuch zu verwenden.<\/p>\n<div style=\"width: 640px;\" class=\"wp-video\"><!--[if lt IE 9]><script>document.createElement('video');<\/script><![endif]-->\n<video class=\"wp-video-shortcode\" id=\"video-17347-1\" width=\"640\" height=\"640\" preload=\"metadata\" controls=\"controls\"><source type=\"video\/mp4\" src=\"https:\/\/apimat.ch\/wp-content\/uploads\/2022\/02\/Huile-de-girofle.mp4?_=1\" \/><a href=\"https:\/\/apimat.ch\/wp-content\/uploads\/2022\/02\/Huile-de-girofle.mp4\">https:\/\/apimat.ch\/wp-content\/uploads\/2022\/02\/Huile-de-girofle.mp4<\/a><\/video><\/div>\n<p class=\"p1\"><b>DIE PREISE SIND JE NACH MENGE DEGRESSIV.<\/b><\/p>\n<p class=\"p1\"><b>F\u00fcr weitere Informationen kontaktieren Sie mich bitte.<\/b><\/p>\n<p class=\"p2\"><span class=\"s1\"><a href=\"mailto:info@apimat.ch\"><b>info@apimat.ch<\/b><\/a><\/span><\/p>\n<p class=\"p1\"><b>Telefon: 076 213 80 33<\/b><\/p>\n","protected":false},"excerpt":{"rendered":"<p>Gew\u00fcrznelke, reines \u00e4therisches \u00d6l, 10 ml Tropfflasche Geben Sie 20 Tropfen auf ein Tuch und bewahren Sie es in einer Plastikt\u00fcte auf, um die Haltbarkeit zu verl\u00e4ngern und die Windel beim n\u00e4chsten Besuch zu verwenden. DIE PREISE SIND JE NACH MENGE DEGRESSIV. F\u00fcr weitere Informationen kontaktieren Sie mich bitte. info@apimat.ch Telefon: 076 213 80 33<\/p>\n","protected":false},"featured_media":17354,"template":"","meta":{"_uf_show_specific_survey":0,"_uf_disable_surveys":false},"product_cat":[1060,98],"product_tag":[],"aioseo_notices":[],"_links":{"self":[{"href":"https:\/\/apimat.ch\/de\/wp-json\/wp\/v2\/product\/17347"}],"collection":[{"href":"https:\/\/apimat.ch\/de\/wp-json\/wp\/v2\/product"}],"about":[{"href":"https:\/\/apimat.ch\/de\/wp-json\/wp\/v2\/types\/product"}],"wp:featuredmedia":[{"embeddable":true,"href":"https:\/\/apimat.ch\/de\/wp-json\/wp\/v2\/media\/17354"}],"wp:attachment":[{"href":"https:\/\/apimat.ch\/de\/wp-json\/wp\/v2\/media?parent=17347"}],"wp:term":[{"taxonomy":"product_cat","embeddable":true,"href":"https:\/\/apimat.ch\/de\/wp-json\/wp\/v2\/product_cat?post=17347"},{"taxonomy":"product_tag","embeddable":true,"href":"https:\/\/apimat.ch\/de\/wp-json\/wp\/v2\/product_tag?post=17347"}],"curies":[{"name":"wp","href":"https:\/\/api.w.org\/{rel}","templated":true}]}}