{"id":17407,"date":"2022-03-02T10:34:09","date_gmt":"2022-03-02T09:34:09","guid":{"rendered":"https:\/\/apimat.ch\/?post_type=product&#038;p=17407"},"modified":"2022-05-09T19:06:59","modified_gmt":"2022-05-09T17:06:59","slug":"abfuellkessel-aus-edelstahl-wasserhahn-ihrer-wahl-50-kg-mit-griffen","status":"publish","type":"product","link":"https:\/\/apimat.ch\/de\/produit\/abfuellkessel-aus-edelstahl-wasserhahn-ihrer-wahl-50-kg-mit-griffen\/","title":{"rendered":"Abf\u00fcllkessel aus Edelstahl Wasserhahn Ihrer Wahl- 50 kg ( mit Griffen )"},"content":{"rendered":"<h3>Abf\u00fcllkessel aus Edelstahl Wasserhahn Ihrer Wahl &#8211; 30 kg ( mit Griffen )<\/h3>\n<p>Reifer, Fassungsverm\u00f6gen 30 kg Honig, komplett aus Edelstahl, Durchmesser \u00d8 310 mm &#8211; mit \u00d8 40 mm Hahn aus lebensmittelechtem Kunststoff und Deckel.<\/p>\n<p><strong>DEGRESSIVE PREISE JE NACH MENGE.<\/strong><\/p>\n<p><strong>F\u00fcr weitere Informationen kontaktieren Sie mich bitte.<\/strong><\/p>\n<p><a href=\"mailto:info@apimat.ch\"><strong>info@apimat.ch<\/strong><\/a><\/p>\n<p><strong>Telefon: 076 213 80 33<\/strong><\/p>\n","protected":false},"excerpt":{"rendered":"<p>Abf\u00fcllkessel aus Edelstahl Wasserhahn Ihrer Wahl &#8211; 30 kg ( mit Griffen ) Reifer, Fassungsverm\u00f6gen 30 kg Honig, komplett aus Edelstahl, Durchmesser \u00d8 310 mm &#8211; mit \u00d8 40 mm Hahn aus lebensmittelechtem Kunststoff und Deckel. DEGRESSIVE PREISE JE NACH MENGE. F\u00fcr weitere Informationen kontaktieren Sie mich bitte. info@apimat.ch Telefon: 076 213 80 33<\/p>\n","protected":false},"featured_media":17413,"template":"","meta":{"_uf_show_specific_survey":0,"_uf_disable_surveys":false},"product_cat":[108,1120],"product_tag":[],"aioseo_notices":[],"_links":{"self":[{"href":"https:\/\/apimat.ch\/de\/wp-json\/wp\/v2\/product\/17407"}],"collection":[{"href":"https:\/\/apimat.ch\/de\/wp-json\/wp\/v2\/product"}],"about":[{"href":"https:\/\/apimat.ch\/de\/wp-json\/wp\/v2\/types\/product"}],"wp:featuredmedia":[{"embeddable":true,"href":"https:\/\/apimat.ch\/de\/wp-json\/wp\/v2\/media\/17413"}],"wp:attachment":[{"href":"https:\/\/apimat.ch\/de\/wp-json\/wp\/v2\/media?parent=17407"}],"wp:term":[{"taxonomy":"product_cat","embeddable":true,"href":"https:\/\/apimat.ch\/de\/wp-json\/wp\/v2\/product_cat?post=17407"},{"taxonomy":"product_tag","embeddable":true,"href":"https:\/\/apimat.ch\/de\/wp-json\/wp\/v2\/product_tag?post=17407"}],"curies":[{"name":"wp","href":"https:\/\/api.w.org\/{rel}","templated":true}]}}