{"id":17436,"date":"2022-03-03T15:59:19","date_gmt":"2022-03-03T16:00:53","guid":{"rendered":"https:\/\/apimat.ch\/?post_type=product&#038;p=17436"},"modified":"2026-04-04T11:24:27","modified_gmt":"2026-04-04T09:24:27","slug":"begattungskaestli-und-zuchtbeute-aus-holz-mit-2-miniplus-rahmen-made-in-switzerland","status":"publish","type":"product","link":"https:\/\/apimat.ch\/de\/produit\/begattungskaestli-und-zuchtbeute-aus-holz-mit-2-miniplus-rahmen-made-in-switzerland\/","title":{"rendered":"Begattungsk\u00e4stli und Zuchtbeute aus holz mit 2  miniplus rahmen &#8211; made in Switzerland"},"content":{"rendered":"<h3>Begattungsk\u00e4stli und Zuchtbeute aus holz mit 2 miniplus rahmen &#8211; made in Switzerland<\/h3>\n<h3>Diese Bienenkiste wurde entwickelt, um zwei Hauptprobleme der <a href=\"https:\/\/apimat.ch\/de\/produit\/1-brauner-apidea-begattungskaestchen\/\">APIDEA-Begattungsk\u00e4stli<\/a> zu l\u00f6sen: Mangelndes Volumen und fehlende R\u00fcckgewinnung der Brut.<\/h3>\n<p>Diese Bienenkiste hat das 2,5-fache Volumen einer Apidea und die Zargen sind im Miniplus-Format und k\u00f6nnen ineinander gesteckt werden, um die Brut als Zarge in einem klassischen Dadant-Bienenstock zu verwenden.<\/p>\n<p>Diese Beuten bieten eine gute Kontrolle \u00fcber den Stand der Eiablage und mehr Komfort f\u00fcr die K\u00f6nigin, deren Aufenthalt verl\u00e4ngert werden kann. Ihr Volumen erm\u00f6glicht es, schnell optimale und konstante Temperatur- und Feuchtigkeitsbedingungen zu erreichen, was eine entscheidende Rolle f\u00fcr die Entwicklung der Spermathek und f\u00fcr den fr\u00fchen Eintritt der befruchteten K\u00f6niginnen in die Eiablage spielt. Die Bedeutung des Alters der befruchteten K\u00f6nigin bei ihrer Wiedereinf\u00fchrung in den Bienenstock jenseits der 20 Tage bei einer viel h\u00f6heren Rate.<\/p>\n<p>Aus Holz gefertigt, leicht zu besuchen, um die zu transportierende und aufzustellende K\u00f6nigin zu finden, kompatibel mit verschiedenen Bienenstockmodellen.<\/p>\n<h3>Zusammensetzung:<\/h3>\n<ul>\n<li>\n<h3>Ein Futterautomat aus Holz.<\/h3>\n<\/li>\n<li>\n<h3>Zwei Miniplus-Holzrahmen aus Hoffman, die ineinander gesteckt werden k\u00f6nnen.<\/h3>\n<\/li>\n<li>\n<h3>Eine durchsichtige Rahmenabdeckung mit der \u00d6ffnung zum Einsetzen der K\u00f6niginnenzelle<\/h3>\n<\/li>\n<li>\n<h3>Ein Blechdach mit Korkisolierung.<\/h3>\n<\/li>\n<\/ul>\n<h3 class=\"p1\"><b>DIE PREISE SIND JE NACH MENGE DEGRESSIV.<\/b><\/h3>\n<p class=\"p1\"><b>F\u00fcr weitere Informationen kontaktieren Sie mich bitte.<\/b><\/p>\n<p class=\"p2\"><span class=\"s1\"><a href=\"mailto:info@apimat.ch\"><b>info@apimat.ch<\/b><\/a><\/span><\/p>\n<p class=\"p1\"><b>Telefon: 076 213 80 33<\/b><\/p>\n","protected":false},"excerpt":{"rendered":"<p>Begattungsk\u00e4stli und Zuchtbeute aus holz mit 2 miniplus rahmen &#8211; made in Switzerland Diese Bienenkiste wurde entwickelt, um zwei Hauptprobleme der APIDEA-Begattungsk\u00e4stli zu l\u00f6sen: Mangelndes Volumen und fehlende R\u00fcckgewinnung der Brut. Diese Bienenkiste hat das 2,5-fache Volumen einer Apidea und die Zargen sind im Miniplus-Format und k\u00f6nnen ineinander gesteckt werden, um die Brut als Zarge [&hellip;]<\/p>\n","protected":false},"featured_media":17415,"template":"","meta":{"_uf_show_specific_survey":0,"_uf_disable_surveys":false},"product_cat":[95,1060],"product_tag":[],"aioseo_notices":[],"_links":{"self":[{"href":"https:\/\/apimat.ch\/de\/wp-json\/wp\/v2\/product\/17436"}],"collection":[{"href":"https:\/\/apimat.ch\/de\/wp-json\/wp\/v2\/product"}],"about":[{"href":"https:\/\/apimat.ch\/de\/wp-json\/wp\/v2\/types\/product"}],"wp:featuredmedia":[{"embeddable":true,"href":"https:\/\/apimat.ch\/de\/wp-json\/wp\/v2\/media\/17415"}],"wp:attachment":[{"href":"https:\/\/apimat.ch\/de\/wp-json\/wp\/v2\/media?parent=17436"}],"wp:term":[{"taxonomy":"product_cat","embeddable":true,"href":"https:\/\/apimat.ch\/de\/wp-json\/wp\/v2\/product_cat?post=17436"},{"taxonomy":"product_tag","embeddable":true,"href":"https:\/\/apimat.ch\/de\/wp-json\/wp\/v2\/product_tag?post=17436"}],"curies":[{"name":"wp","href":"https:\/\/api.w.org\/{rel}","templated":true}]}}