{"id":17534,"date":"2022-03-12T18:23:08","date_gmt":"2022-03-12T17:47:20","guid":{"rendered":"https:\/\/apimat.ch\/?post_type=product&#038;p=17534"},"modified":"2022-03-12T18:47:47","modified_gmt":"2022-03-12T17:47:47","slug":"ersatzteile-mini-plus","status":"publish","type":"product","link":"https:\/\/apimat.ch\/de\/produit\/ersatzteile-mini-plus\/","title":{"rendered":"ERSATZTEILE MINI PLUS"},"content":{"rendered":"<h3>ERSATZTEILE MINI PLUS<\/h3>\n<ul>\n<li>\n<h3>Holzboden mit Holzkeil<\/h3>\n<\/li>\n<li>\n<h3>Erweiterung f\u00fcr Mini Plus Zuchtbeute<\/h3>\n<\/li>\n<li>\n<h3>Holzfutterr\u00e4hmchen f\u00fcr Mini plus<\/h3>\n<\/li>\n<li>\n<h3>Innendeckel aus Holz<\/h3>\n<\/li>\n<li>\n<h3>Holzd\u00e4mmplatte f\u00fcr Mini plus Bienenstock<\/h3>\n<\/li>\n<li>\n<h3>Mini Plus Absperrgitter Kunststoff 232 x 252 mm<\/h3>\n<\/li>\n<li>\n<h3>Holzfuttertasche f\u00fcr Mini plus<\/h3>\n<\/li>\n<li>\n<h3>Blechdach f\u00fcr Mini plus<\/h3>\n<\/li>\n<\/ul>\n<p class=\"p2\"><b>DIE PREISE SIND JE NACH MENGE DEGRESSIV.<\/b><\/p>\n<p class=\"p2\"><b>F\u00fcr weitere Informationen kontaktieren Sie mich bitte.<\/b><\/p>\n<p class=\"p3\"><span class=\"s1\"><a href=\"mailto:info@apimat.ch\"><b>info@apimat.ch<\/b><\/a><\/span><\/p>\n<p class=\"p2\"><b>Telefon: 076 213 80 33<\/b><\/p>\n","protected":false},"excerpt":{"rendered":"<p>ERSATZTEILE MINI PLUS Holzboden mit Holzkeil Erweiterung f\u00fcr Mini Plus Zuchtbeute Holzfutterr\u00e4hmchen f\u00fcr Mini plus Innendeckel aus Holz Holzd\u00e4mmplatte f\u00fcr Mini plus Bienenstock Mini Plus Absperrgitter Kunststoff 232 x 252 mm Holzfuttertasche f\u00fcr Mini plus Blechdach f\u00fcr Mini plus DIE PREISE SIND JE NACH MENGE DEGRESSIV. F\u00fcr weitere Informationen kontaktieren Sie mich bitte. info@apimat.ch Telefon: [&hellip;]<\/p>\n","protected":false},"featured_media":41408,"template":"","meta":{"_uf_show_specific_survey":0,"_uf_disable_surveys":false},"product_cat":[95],"product_tag":[],"aioseo_notices":[],"_links":{"self":[{"href":"https:\/\/apimat.ch\/de\/wp-json\/wp\/v2\/product\/17534"}],"collection":[{"href":"https:\/\/apimat.ch\/de\/wp-json\/wp\/v2\/product"}],"about":[{"href":"https:\/\/apimat.ch\/de\/wp-json\/wp\/v2\/types\/product"}],"wp:featuredmedia":[{"embeddable":true,"href":"https:\/\/apimat.ch\/de\/wp-json\/wp\/v2\/media\/41408"}],"wp:attachment":[{"href":"https:\/\/apimat.ch\/de\/wp-json\/wp\/v2\/media?parent=17534"}],"wp:term":[{"taxonomy":"product_cat","embeddable":true,"href":"https:\/\/apimat.ch\/de\/wp-json\/wp\/v2\/product_cat?post=17534"},{"taxonomy":"product_tag","embeddable":true,"href":"https:\/\/apimat.ch\/de\/wp-json\/wp\/v2\/product_tag?post=17534"}],"curies":[{"name":"wp","href":"https:\/\/api.w.org\/{rel}","templated":true}]}}