{"id":17607,"date":"2022-03-16T12:13:41","date_gmt":"2022-03-16T11:17:17","guid":{"rendered":"https:\/\/apimat.ch\/?post_type=product&#038;p=17607"},"modified":"2025-06-24T20:38:22","modified_gmt":"2025-06-24T18:38:22","slug":"batteriebetriebener-staubsauger-fuer-box","status":"publish","type":"product","link":"https:\/\/apimat.ch\/de\/produit\/batteriebetriebener-staubsauger-fuer-box\/","title":{"rendered":"Batteriebetriebener Staubsauger f\u00fcr Box"},"content":{"rendered":"<h3 class=\"item-buy-name\">Batteriebetriebener Staubsauger f\u00fcr Box<\/h3>\n<div class=\"block-prodotto\">\n<h3>Neuer Akku Staubsauger f\u00fcr Box bestehend aus:<\/h3>\n<h3>\u2022 Satz mit 2 speziellen starren, aber leichten Rohren (jeweils 1400 mm)<\/h3>\n<h3>\u2022 Verbindungsschlauch zum Spezialdeckel (3000 mm)<\/h3>\n<h3>\u2022 Elektromotor angetrieben durch eine Lithium-Ionen-Batterie<\/h3>\n<p>Die Hauptneuheit besteht darin, dass sich das Saugsystem au\u00dferhalb der Box befindet und die Box selbst als endg\u00fcltiges Zuhause des Schwarms fungiert, ohne dass ein nachtr\u00e4glicher &#8220;Transfer&#8221; erforderlich ist.<br \/>\nDas Sammeln des Schwarms erfolgt \u00fcber ein Saugrohr, das durch den Deckel in die Box eintritt.<\/p>\n<p>Legen Sie einfach die Styroporbox mit zwei oder drei vorverarbeiteten Waben auf das Ger\u00e4t, \u00fcberdecken Sie den Spezialdeckel mit dem Saugrohr, verschlie\u00dfen Sie ihn und beginnen Sie mit dem Sammeln. Der Schwarm ist innerhalb von 5 Minuten in der Schublade.<\/p>\n<p>Die Sauggeschwindigkeit kann je nach verwendeter Schlauchl\u00e4nge angepasst werden, ohne die Schwarmbienen zu sch\u00e4digen.<br \/>\nUm gr\u00f6\u00dfere H\u00f6hen zu erreichen, sind zus\u00e4tzliche Zusatzrohre von je 1400 mm L\u00e4nge erh\u00e4ltlich (nicht im Preis enthalten).<\/p>\n<p class=\"p1\"><b>DIE PREISE SIND JE NACH MENGE DEGRESSIV.<\/b><\/p>\n<p class=\"p1\"><b>F\u00fcr weitere Informationen kontaktieren Sie mich bitte.<\/b><\/p>\n<p class=\"p2\"><span class=\"s1\"><a href=\"mailto:info@apimat.ch\"><b>info@apimat.ch<\/b><\/a><\/span><\/p>\n<p class=\"p1\"><b>Telefon: 076 213 80 33<\/b><\/p>\n<\/div>\n","protected":false},"excerpt":{"rendered":"<p>Batteriebetriebener Staubsauger f\u00fcr Box Neuer Akku Staubsauger f\u00fcr Box bestehend aus: \u2022 Satz mit 2 speziellen starren, aber leichten Rohren (jeweils 1400 mm) \u2022 Verbindungsschlauch zum Spezialdeckel (3000 mm) \u2022 Elektromotor angetrieben durch eine Lithium-Ionen-Batterie Die Hauptneuheit besteht darin, dass sich das Saugsystem au\u00dferhalb der Box befindet und die Box selbst als endg\u00fcltiges Zuhause des [&hellip;]<\/p>\n","protected":false},"featured_media":17605,"template":"","meta":{"_uf_show_specific_survey":0,"_uf_disable_surveys":false},"product_cat":[1120,98],"product_tag":[],"aioseo_notices":[],"_links":{"self":[{"href":"https:\/\/apimat.ch\/de\/wp-json\/wp\/v2\/product\/17607"}],"collection":[{"href":"https:\/\/apimat.ch\/de\/wp-json\/wp\/v2\/product"}],"about":[{"href":"https:\/\/apimat.ch\/de\/wp-json\/wp\/v2\/types\/product"}],"wp:featuredmedia":[{"embeddable":true,"href":"https:\/\/apimat.ch\/de\/wp-json\/wp\/v2\/media\/17605"}],"wp:attachment":[{"href":"https:\/\/apimat.ch\/de\/wp-json\/wp\/v2\/media?parent=17607"}],"wp:term":[{"taxonomy":"product_cat","embeddable":true,"href":"https:\/\/apimat.ch\/de\/wp-json\/wp\/v2\/product_cat?post=17607"},{"taxonomy":"product_tag","embeddable":true,"href":"https:\/\/apimat.ch\/de\/wp-json\/wp\/v2\/product_tag?post=17607"}],"curies":[{"name":"wp","href":"https:\/\/api.w.org\/{rel}","templated":true}]}}