{"id":17643,"date":"2022-03-16T12:27:39","date_gmt":"2022-03-17T06:22:04","guid":{"rendered":"https:\/\/apimat.ch\/?post_type=product&#038;p=17643"},"modified":"2022-03-17T07:22:04","modified_gmt":"2022-03-17T06:22:04","slug":"rauchinnenbehaelter-aus-edelstahlblech-fuer-rauchapparat-oe-80-mm","status":"publish","type":"product","link":"https:\/\/apimat.ch\/de\/produit\/rauchinnenbehaelter-aus-edelstahlblech-fuer-rauchapparat-oe-80-mm\/","title":{"rendered":"Rauchinnenbeh\u00e4lter aus Edelstahlblech f\u00fcr Rauchapparat \u00d8 80 mm."},"content":{"rendered":"<p>Rauchinnenbeh\u00e4lter aus Edelstahlblech f\u00fcr Rauchapparat \u00d8 80 mm.<\/p>\n<p class=\"p1\"><b>DIE PREISE SIND JE NACH MENGE DEGRESSIV.<\/b><\/p>\n<p class=\"p1\"><b>F\u00fcr weitere Informationen kontaktieren Sie mich bitte.<\/b><\/p>\n<p class=\"p2\"><span class=\"s1\"><a href=\"mailto:info@apimat.ch\"><b>info@apimat.ch<\/b><\/a><\/span><\/p>\n<p class=\"p1\"><b>Telefon: 076 213 80 33<\/b><\/p>\n","protected":false},"excerpt":{"rendered":"<p>Rauchinnenbeh\u00e4lter aus Edelstahlblech f\u00fcr Rauchapparat \u00d8 80 mm. DIE PREISE SIND JE NACH MENGE DEGRESSIV. F\u00fcr weitere Informationen kontaktieren Sie mich bitte. info@apimat.ch Telefon: 076 213 80 33<\/p>\n","protected":false},"featured_media":17729,"template":"","meta":{"_uf_show_specific_survey":0,"_uf_disable_surveys":false},"product_cat":[98],"product_tag":[],"aioseo_notices":[],"_links":{"self":[{"href":"https:\/\/apimat.ch\/de\/wp-json\/wp\/v2\/product\/17643"}],"collection":[{"href":"https:\/\/apimat.ch\/de\/wp-json\/wp\/v2\/product"}],"about":[{"href":"https:\/\/apimat.ch\/de\/wp-json\/wp\/v2\/types\/product"}],"wp:featuredmedia":[{"embeddable":true,"href":"https:\/\/apimat.ch\/de\/wp-json\/wp\/v2\/media\/17729"}],"wp:attachment":[{"href":"https:\/\/apimat.ch\/de\/wp-json\/wp\/v2\/media?parent=17643"}],"wp:term":[{"taxonomy":"product_cat","embeddable":true,"href":"https:\/\/apimat.ch\/de\/wp-json\/wp\/v2\/product_cat?post=17643"},{"taxonomy":"product_tag","embeddable":true,"href":"https:\/\/apimat.ch\/de\/wp-json\/wp\/v2\/product_tag?post=17643"}],"curies":[{"name":"wp","href":"https:\/\/api.w.org\/{rel}","templated":true}]}}