{"id":17649,"date":"2022-03-16T12:44:31","date_gmt":"2022-03-17T06:27:36","guid":{"rendered":"https:\/\/apimat.ch\/?post_type=product&#038;p=17649"},"modified":"2022-03-17T07:33:48","modified_gmt":"2022-03-17T06:33:48","slug":"wachsmuehle-zur-rueckgewinnung-von-bienenbrot","status":"publish","type":"product","link":"https:\/\/apimat.ch\/de\/produit\/wachsmuehle-zur-rueckgewinnung-von-bienenbrot\/","title":{"rendered":"Wachsm\u00fchle zur R\u00fcckgewinnung von Bienenbrot"},"content":{"rendered":"<p>Wachsm\u00fchle zur R\u00fcckgewinnung von Bienenbrot<\/p>\n<p>BBM mini ist eine Wachsm\u00fchle, mit der man Bienenbrot gewinnen kann, indem man gefrorene Brekzien, die Pollen enthalten, in die M\u00fchle einf\u00fchrt.<\/p>\n<p>Tipps f\u00fcr die Zubereitung von Bienenbrot :<br \/>\n1. Entnehmen Sie die R\u00e4hmchen mit Bienenwachs und schleudern Sie den Honig heraus.<br \/>\n2. Legen Sie die R\u00e4hmchen wieder in den Bienenstock mit dem Ziel, sie richtig zu trocknen.<br \/>\n3. Die Waben in 80 mm breite Streifen schneiden und in den Gefrierschrank legen. Stellen Sie sicher, dass das Bienenbrot im Vorfeld sauber und frei von Honig ist.<br \/>\n4. Das Bienenbrot trocknen.<\/p>\n<p>Diese Wachsm\u00fchle ist zusammen mit dem Separator zu verwenden. Sie erm\u00f6glicht das Sortieren zwischen Abfall und Bienenbrot.<\/p>\n<div class='avia-iframe-wrap'><iframe loading=\"lazy\" title=\"Production de pain d&#039;abeille - bbm mini\" width=\"1500\" height=\"844\" src=\"https:\/\/www.youtube.com\/embed\/tTxeQebubTU?start=6&#038;feature=oembed\" frameborder=\"0\" allow=\"accelerometer; autoplay; clipboard-write; encrypted-media; gyroscope; picture-in-picture\" allowfullscreen><\/iframe><\/div>\n<p>&nbsp;<\/p>\n<p class=\"p1\"><b>DIE PREISE SIND JE NACH MENGE DEGRESSIV.<\/b><\/p>\n<p class=\"p1\"><b>F\u00fcr weitere Informationen kontaktieren Sie mich bitte.<\/b><\/p>\n<p class=\"p2\"><span class=\"s1\"><a href=\"mailto:info@apimat.ch\"><b>info@apimat.ch<\/b><\/a><\/span><\/p>\n<p class=\"p1\"><b>Telefon: 076 213 80 33<\/b><\/p>\n","protected":false},"excerpt":{"rendered":"<p>Wachsm\u00fchle zur R\u00fcckgewinnung von Bienenbrot BBM mini ist eine Wachsm\u00fchle, mit der man Bienenbrot gewinnen kann, indem man gefrorene Brekzien, die Pollen enthalten, in die M\u00fchle einf\u00fchrt. Tipps f\u00fcr die Zubereitung von Bienenbrot : 1. Entnehmen Sie die R\u00e4hmchen mit Bienenwachs und schleudern Sie den Honig heraus. 2. Legen Sie die R\u00e4hmchen wieder in den [&hellip;]<\/p>\n","protected":false},"featured_media":17627,"template":"","meta":{"_uf_show_specific_survey":0,"_uf_disable_surveys":false},"product_cat":[95],"product_tag":[],"aioseo_notices":[],"_links":{"self":[{"href":"https:\/\/apimat.ch\/de\/wp-json\/wp\/v2\/product\/17649"}],"collection":[{"href":"https:\/\/apimat.ch\/de\/wp-json\/wp\/v2\/product"}],"about":[{"href":"https:\/\/apimat.ch\/de\/wp-json\/wp\/v2\/types\/product"}],"wp:featuredmedia":[{"embeddable":true,"href":"https:\/\/apimat.ch\/de\/wp-json\/wp\/v2\/media\/17627"}],"wp:attachment":[{"href":"https:\/\/apimat.ch\/de\/wp-json\/wp\/v2\/media?parent=17649"}],"wp:term":[{"taxonomy":"product_cat","embeddable":true,"href":"https:\/\/apimat.ch\/de\/wp-json\/wp\/v2\/product_cat?post=17649"},{"taxonomy":"product_tag","embeddable":true,"href":"https:\/\/apimat.ch\/de\/wp-json\/wp\/v2\/product_tag?post=17649"}],"curies":[{"name":"wp","href":"https:\/\/api.w.org\/{rel}","templated":true}]}}