{"id":17652,"date":"2022-03-16T12:50:00","date_gmt":"2022-03-17T06:28:52","guid":{"rendered":"https:\/\/apimat.ch\/?post_type=product&#038;p=17652"},"modified":"2025-02-02T21:12:40","modified_gmt":"2025-02-02T20:12:40","slug":"bienenbrotabscheider-sortierer-fuer-wachsmuehle","status":"publish","type":"product","link":"https:\/\/apimat.ch\/de\/produit\/bienenbrotabscheider-sortierer-fuer-wachsmuehle\/","title":{"rendered":"Bienenbrotabscheider \/ Sortierer f\u00fcr Wachsm\u00fchle"},"content":{"rendered":"<p>Bienenbrotabscheider \/ Sortierer f\u00fcr Wachsm\u00fchle<\/p>\n<p>Der Separator erm\u00f6glicht es bei der Herstellung von Bienenbrot mit der M\u00fchle Bbm Mini IA500, das Granulat direkt vom Bienenwachs zu trennen. Das Sieben wird dann vermieden.<\/p>\n<div class='avia-iframe-wrap'><iframe loading=\"lazy\" title=\"Production de pain d&#039;abeille - bbm mini\" width=\"1500\" height=\"844\" src=\"https:\/\/www.youtube.com\/embed\/tTxeQebubTU?start=85&#038;feature=oembed\" frameborder=\"0\" allow=\"accelerometer; autoplay; clipboard-write; encrypted-media; gyroscope; picture-in-picture\" allowfullscreen><\/iframe><\/div>\n<p class=\"p1\"><b>DIE PREISE SIND JE NACH MENGE DEGRESSIV.<\/b><\/p>\n<p class=\"p1\"><b>F\u00fcr weitere Informationen kontaktieren Sie mich bitte.<\/b><\/p>\n<p class=\"p2\"><span class=\"s1\"><a href=\"mailto:info@apimat.ch\"><b>info@apimat.ch<\/b><\/a><\/span><\/p>\n<p class=\"p1\"><b>Telefon: 076 213 80 33<\/b><\/p>\n","protected":false},"excerpt":{"rendered":"<p>Bienenbrotabscheider \/ Sortierer f\u00fcr Wachsm\u00fchle Der Separator erm\u00f6glicht es bei der Herstellung von Bienenbrot mit der M\u00fchle Bbm Mini IA500, das Granulat direkt vom Bienenwachs zu trennen. Das Sieben wird dann vermieden. DIE PREISE SIND JE NACH MENGE DEGRESSIV. F\u00fcr weitere Informationen kontaktieren Sie mich bitte. info@apimat.ch Telefon: 076 213 80 33<\/p>\n","protected":false},"featured_media":17629,"template":"","meta":{"_uf_show_specific_survey":0,"_uf_disable_surveys":false},"product_cat":[95],"product_tag":[],"aioseo_notices":[],"_links":{"self":[{"href":"https:\/\/apimat.ch\/de\/wp-json\/wp\/v2\/product\/17652"}],"collection":[{"href":"https:\/\/apimat.ch\/de\/wp-json\/wp\/v2\/product"}],"about":[{"href":"https:\/\/apimat.ch\/de\/wp-json\/wp\/v2\/types\/product"}],"wp:featuredmedia":[{"embeddable":true,"href":"https:\/\/apimat.ch\/de\/wp-json\/wp\/v2\/media\/17629"}],"wp:attachment":[{"href":"https:\/\/apimat.ch\/de\/wp-json\/wp\/v2\/media?parent=17652"}],"wp:term":[{"taxonomy":"product_cat","embeddable":true,"href":"https:\/\/apimat.ch\/de\/wp-json\/wp\/v2\/product_cat?post=17652"},{"taxonomy":"product_tag","embeddable":true,"href":"https:\/\/apimat.ch\/de\/wp-json\/wp\/v2\/product_tag?post=17652"}],"curies":[{"name":"wp","href":"https:\/\/api.w.org\/{rel}","templated":true}]}}