{"id":17655,"date":"2022-03-17T07:11:47","date_gmt":"2022-03-17T06:30:05","guid":{"rendered":"https:\/\/apimat.ch\/?post_type=product&#038;p=17655"},"modified":"2025-12-27T16:30:01","modified_gmt":"2025-12-27T15:30:01","slug":"warre-beute-mit-3-erweiterungen","status":"publish","type":"product","link":"https:\/\/apimat.ch\/de\/produit\/warre-beute-mit-3-erweiterungen\/","title":{"rendered":"Warr\u00e9-Beute mit 3 Erweiterungen"},"content":{"rendered":"<p>Warr\u00e9-Beute mit 3 Erweiterungen<\/p>\n<p>Die Warr\u00e9-Beute mit 3 Zargen von Ruch\u00e9co ist eine \u00f6kologische Beute aus langlebigem und leichtem Kiefernholz. Sie ist einfach zu handhaben, platzsparend und wird komplett mit 24 Edelstahlr\u00e4hmchen sowie s\u00e4mtlichem notwendigem Zubeh\u00f6r geliefert.<\/p>\n<p class=\"p1\"><b>DIE PREISE SIND JE NACH MENGE DEGRESSIV.<\/b><\/p>\n<p class=\"p1\"><b>F\u00fcr weitere Informationen kontaktieren Sie mich bitte.<\/b><\/p>\n<p class=\"p2\"><span class=\"s1\"><a href=\"mailto:info@apimat.ch\"><b>info@apimat.ch<\/b><\/a><\/span><\/p>\n<p class=\"p1\"><b>Telefon: 076 213 80 33<\/b><\/p>\n","protected":false},"excerpt":{"rendered":"<p>Warr\u00e9-Beute mit 3 Erweiterungen Die Warr\u00e9-Beute mit 3 Zargen von Ruch\u00e9co ist eine \u00f6kologische Beute aus langlebigem und leichtem Kiefernholz. Sie ist einfach zu handhaben, platzsparend und wird komplett mit 24 Edelstahlr\u00e4hmchen sowie s\u00e4mtlichem notwendigem Zubeh\u00f6r geliefert. DIE PREISE SIND JE NACH MENGE DEGRESSIV. F\u00fcr weitere Informationen kontaktieren Sie mich bitte. info@apimat.ch Telefon: 076 213 [&hellip;]<\/p>\n","protected":false},"featured_media":41174,"template":"","meta":{"_uf_show_specific_survey":0,"_uf_disable_surveys":false},"product_cat":[101],"product_tag":[],"aioseo_notices":[],"_links":{"self":[{"href":"https:\/\/apimat.ch\/de\/wp-json\/wp\/v2\/product\/17655"}],"collection":[{"href":"https:\/\/apimat.ch\/de\/wp-json\/wp\/v2\/product"}],"about":[{"href":"https:\/\/apimat.ch\/de\/wp-json\/wp\/v2\/types\/product"}],"wp:featuredmedia":[{"embeddable":true,"href":"https:\/\/apimat.ch\/de\/wp-json\/wp\/v2\/media\/41174"}],"wp:attachment":[{"href":"https:\/\/apimat.ch\/de\/wp-json\/wp\/v2\/media?parent=17655"}],"wp:term":[{"taxonomy":"product_cat","embeddable":true,"href":"https:\/\/apimat.ch\/de\/wp-json\/wp\/v2\/product_cat?post=17655"},{"taxonomy":"product_tag","embeddable":true,"href":"https:\/\/apimat.ch\/de\/wp-json\/wp\/v2\/product_tag?post=17655"}],"curies":[{"name":"wp","href":"https:\/\/api.w.org\/{rel}","templated":true}]}}