{"id":17879,"date":"2022-04-04T07:22:56","date_gmt":"2022-04-04T11:14:51","guid":{"rendered":"https:\/\/apimat.ch\/?post_type=product&#038;p=17879"},"modified":"2022-04-04T13:14:52","modified_gmt":"2022-04-04T11:14:52","slug":"farblose-loesungsmittelfreie-naturlasur-mit-hohem-schutz-1-liter","status":"publish","type":"product","link":"https:\/\/apimat.ch\/de\/produit\/farblose-loesungsmittelfreie-naturlasur-mit-hohem-schutz-1-liter\/","title":{"rendered":"Farblose, l\u00f6sungsmittelfreie Naturlasur mit hohem Schutz. 1 Liter"},"content":{"rendered":"<h3>Farblose, l\u00f6sungsmittelfreie Naturlasur mit hohem Schutz. 1 Liter<\/h3>\n<p>L\u00f6sungsmittelfreie Lasur mit hohem Schutz, seidengl\u00e4nzendes Finish, das das nat\u00fcrliche Aussehen des Holzes bewahrt 150 g\/m\u00b2 &#8211; trocken in 3 Stunden, streichen oder spritzen.<\/p>\n<p>&#8211; Frei von Erd\u00f6lderivaten.<br \/>\n&#8211; Ohne Risiko f\u00fcr die Gesundheit.<br \/>\n&#8211; Zusammensetzung auf Basis nat\u00fcrlicher und erneuerbarer Rohstoffe.<br \/>\n&#8211; Auf Basis eines pflanzlichen Bindemittels<\/p>\n<p class=\"p1\"><b>DIE PREISE SIND JE NACH MENGE DEGRESSIV.<\/b><\/p>\n<p class=\"p1\"><b>F\u00fcr weitere Informationen kontaktieren Sie mich bitte.<\/b><\/p>\n<p class=\"p2\"><span class=\"s1\"><a href=\"mailto:info@apimat.ch\"><b>info@apimat.ch<\/b><\/a><\/span><\/p>\n<p class=\"p1\"><b>Telefon: 076 213 80 33<\/b><\/p>\n<p>&nbsp;<\/p>\n","protected":false},"excerpt":{"rendered":"<p>Farblose, l\u00f6sungsmittelfreie Naturlasur mit hohem Schutz. 1 Liter L\u00f6sungsmittelfreie Lasur mit hohem Schutz, seidengl\u00e4nzendes Finish, das das nat\u00fcrliche Aussehen des Holzes bewahrt 150 g\/m\u00b2 &#8211; trocken in 3 Stunden, streichen oder spritzen. &#8211; Frei von Erd\u00f6lderivaten. &#8211; Ohne Risiko f\u00fcr die Gesundheit. &#8211; Zusammensetzung auf Basis nat\u00fcrlicher und erneuerbarer Rohstoffe. &#8211; Auf Basis eines pflanzlichen [&hellip;]<\/p>\n","protected":false},"featured_media":17831,"template":"","meta":{"_uf_show_specific_survey":0,"_uf_disable_surveys":false},"product_cat":[98],"product_tag":[],"aioseo_notices":[],"_links":{"self":[{"href":"https:\/\/apimat.ch\/de\/wp-json\/wp\/v2\/product\/17879"}],"collection":[{"href":"https:\/\/apimat.ch\/de\/wp-json\/wp\/v2\/product"}],"about":[{"href":"https:\/\/apimat.ch\/de\/wp-json\/wp\/v2\/types\/product"}],"wp:featuredmedia":[{"embeddable":true,"href":"https:\/\/apimat.ch\/de\/wp-json\/wp\/v2\/media\/17831"}],"wp:attachment":[{"href":"https:\/\/apimat.ch\/de\/wp-json\/wp\/v2\/media?parent=17879"}],"wp:term":[{"taxonomy":"product_cat","embeddable":true,"href":"https:\/\/apimat.ch\/de\/wp-json\/wp\/v2\/product_cat?post=17879"},{"taxonomy":"product_tag","embeddable":true,"href":"https:\/\/apimat.ch\/de\/wp-json\/wp\/v2\/product_tag?post=17879"}],"curies":[{"name":"wp","href":"https:\/\/api.w.org\/{rel}","templated":true}]}}