{"id":17886,"date":"2022-04-04T07:30:40","date_gmt":"2022-04-04T11:19:48","guid":{"rendered":"https:\/\/apimat.ch\/?post_type=product&#038;p=17886"},"modified":"2022-10-21T18:16:43","modified_gmt":"2022-10-21T16:16:43","slug":"isolierendes-trennschied-aus-holz-und-aluminium-fuer-dadant-bienenstock","status":"publish","type":"product","link":"https:\/\/apimat.ch\/de\/produit\/isolierendes-trennschied-aus-holz-und-aluminium-fuer-dadant-bienenstock\/","title":{"rendered":"Isolierendes Trennschied aus Holz und Aluminium f\u00fcr Dadant-Bienenstock"},"content":{"rendered":"<h3>Isolierendes Trennschied aus Holz und Aluminium f\u00fcr Dadant-Bienenstock<\/h3>\n<p>Die neue isolierende Partition kombiniert die W\u00e4rmed\u00e4mmleistung von Polystyrol (18 mm) mit der Reflexionsf\u00e4higkeit von Aluminium.<br \/>\nF\u00fcr eine l\u00e4ngere Lebensdauer ist diese Partition unter dem Rahmenkopf und an den Seiten verst\u00e4rkt.<br \/>\nDadurch wird verhindert, dass sie durch den Rahmenheber besch\u00e4digt wird oder wenn die Bienen Wachsbr\u00fccken anlegen.<\/p>\n<p>Vorteil der Verwendung einer isolierenden und reflektierenden Partition :<br \/>\nIm Winter reduziert diese Technik das Volumen, das vom Inneren des Bienenstocks beheizt werden muss, und verringert den Honigverbrauch der Bienen.<br \/>\nIn der Tat ist die Anstrengung, die die Traube ben\u00f6tigt, um eine gute Temperatur aufrechtzuerhalten, geringer.<br \/>\nIm Fr\u00fchjahr verringert die Partitionierung das Risiko, dass die Brut ausk\u00fchlt.<\/p>\n<p class=\"p1\"><b>DIE PREISE SIND JE NACH MENGE DEGRESSIV.<\/b><\/p>\n<p class=\"p1\"><b>F\u00fcr weitere Informationen kontaktieren Sie mich bitte.<\/b><\/p>\n<p class=\"p2\"><span class=\"s1\"><a href=\"mailto:info@apimat.ch\"><b>info@apimat.ch<\/b><\/a><\/span><\/p>\n<p class=\"p1\"><b>Telefon: 076 213 80 33<\/b><\/p>\n","protected":false},"excerpt":{"rendered":"<p>Isolierendes Trennschied aus Holz und Aluminium f\u00fcr Dadant-Bienenstock Die neue isolierende Partition kombiniert die W\u00e4rmed\u00e4mmleistung von Polystyrol (18 mm) mit der Reflexionsf\u00e4higkeit von Aluminium. F\u00fcr eine l\u00e4ngere Lebensdauer ist diese Partition unter dem Rahmenkopf und an den Seiten verst\u00e4rkt. Dadurch wird verhindert, dass sie durch den Rahmenheber besch\u00e4digt wird oder wenn die Bienen Wachsbr\u00fccken anlegen. [&hellip;]<\/p>\n","protected":false},"featured_media":17839,"template":"","meta":{"_uf_show_specific_survey":0,"_uf_disable_surveys":false},"product_cat":[102],"product_tag":[],"aioseo_notices":[],"_links":{"self":[{"href":"https:\/\/apimat.ch\/de\/wp-json\/wp\/v2\/product\/17886"}],"collection":[{"href":"https:\/\/apimat.ch\/de\/wp-json\/wp\/v2\/product"}],"about":[{"href":"https:\/\/apimat.ch\/de\/wp-json\/wp\/v2\/types\/product"}],"wp:featuredmedia":[{"embeddable":true,"href":"https:\/\/apimat.ch\/de\/wp-json\/wp\/v2\/media\/17839"}],"wp:attachment":[{"href":"https:\/\/apimat.ch\/de\/wp-json\/wp\/v2\/media?parent=17886"}],"wp:term":[{"taxonomy":"product_cat","embeddable":true,"href":"https:\/\/apimat.ch\/de\/wp-json\/wp\/v2\/product_cat?post=17886"},{"taxonomy":"product_tag","embeddable":true,"href":"https:\/\/apimat.ch\/de\/wp-json\/wp\/v2\/product_tag?post=17886"}],"curies":[{"name":"wp","href":"https:\/\/api.w.org\/{rel}","templated":true}]}}