{"id":17893,"date":"2022-04-04T07:47:15","date_gmt":"2022-04-04T11:24:15","guid":{"rendered":"https:\/\/apimat.ch\/?post_type=product&#038;p=17893"},"modified":"2022-04-04T13:25:18","modified_gmt":"2022-04-04T11:25:18","slug":"akku-lxt-li-ion-18v-5-0ah","status":"publish","type":"product","link":"https:\/\/apimat.ch\/de\/produit\/akku-lxt-li-ion-18v-5-0ah\/","title":{"rendered":"Akku LXT LI-ION 18V 5.0Ah"},"content":{"rendered":"<h3>Akku LXT LI-ION 18V 5.0Ah<\/h3>\n<p>Hochleistungsakku, kein Memory-Effekt, Minimale Selbstentladung auch bei l\u00e4ngerer Nichtbenutzung, hohe Sto\u00dffestigkeit.<\/p>\n<p>LXT-Akkusystem<br \/>\nSpannung des Akkus 18 V<br \/>\nKapazit\u00e4t des Akkus 5,0 Ah<br \/>\nKapazit\u00e4t90 Wh<br \/>\nArt des Akkus Li-Ion<br \/>\nGewicht 0,60 kg<br \/>\nAbmessungen Produkt (L x B x H) 113 x 75 x 62 mm<\/p>\n<p class=\"p1\"><b>DIE PREISE SIND JE NACH MENGE DEGRESSIV.<\/b><\/p>\n<p class=\"p1\"><b>F\u00fcr weitere Informationen kontaktieren Sie mich bitte.<\/b><\/p>\n<p class=\"p2\"><span class=\"s1\"><a href=\"mailto:info@apimat.ch\"><b>info@apimat.ch<\/b><\/a><\/span><\/p>\n<p class=\"p1\"><b>Telefon: 076 213 80 33<\/b><\/p>\n","protected":false},"excerpt":{"rendered":"<p>Akku LXT LI-ION 18V 5.0Ah Hochleistungsakku, kein Memory-Effekt, Minimale Selbstentladung auch bei l\u00e4ngerer Nichtbenutzung, hohe Sto\u00dffestigkeit. LXT-Akkusystem Spannung des Akkus 18 V Kapazit\u00e4t des Akkus 5,0 Ah Kapazit\u00e4t90 Wh Art des Akkus Li-Ion Gewicht 0,60 kg Abmessungen Produkt (L x B x H) 113 x 75 x 62 mm DIE PREISE SIND JE NACH MENGE [&hellip;]<\/p>\n","protected":false},"featured_media":17852,"template":"","meta":{"_uf_show_specific_survey":0,"_uf_disable_surveys":false},"product_cat":[494],"product_tag":[],"aioseo_notices":[],"_links":{"self":[{"href":"https:\/\/apimat.ch\/de\/wp-json\/wp\/v2\/product\/17893"}],"collection":[{"href":"https:\/\/apimat.ch\/de\/wp-json\/wp\/v2\/product"}],"about":[{"href":"https:\/\/apimat.ch\/de\/wp-json\/wp\/v2\/types\/product"}],"wp:featuredmedia":[{"embeddable":true,"href":"https:\/\/apimat.ch\/de\/wp-json\/wp\/v2\/media\/17852"}],"wp:attachment":[{"href":"https:\/\/apimat.ch\/de\/wp-json\/wp\/v2\/media?parent=17893"}],"wp:term":[{"taxonomy":"product_cat","embeddable":true,"href":"https:\/\/apimat.ch\/de\/wp-json\/wp\/v2\/product_cat?post=17893"},{"taxonomy":"product_tag","embeddable":true,"href":"https:\/\/apimat.ch\/de\/wp-json\/wp\/v2\/product_tag?post=17893"}],"curies":[{"name":"wp","href":"https:\/\/api.w.org\/{rel}","templated":true}]}}