{"id":17902,"date":"2022-04-04T07:53:23","date_gmt":"2022-04-04T11:27:36","guid":{"rendered":"https:\/\/apimat.ch\/?post_type=product&#038;p=17902"},"modified":"2022-04-04T13:27:37","modified_gmt":"2022-04-04T11:27:37","slug":"tuer-4-20-mm-elfenbein-nicot-kunststoff","status":"publish","type":"product","link":"https:\/\/apimat.ch\/de\/produit\/tuer-4-20-mm-elfenbein-nicot-kunststoff\/","title":{"rendered":"T\u00fcr 4.20 mm Elfenbein Nicot Kunststoff"},"content":{"rendered":"<h3>T\u00fcr 4.20 mm Elfenbein Nicot Kunststoff<\/h3>\n<p>Die Eingangst\u00fcr bei 4,20 mm verhindert, dass die K\u00f6nigin und die m\u00e4nnlichen Bienen aus dem Bienenstock ein- oder austreten, f\u00fcr bestimmte Vorg\u00e4nge zu verwenden.<\/p>\n<p class=\"p1\"><b>DIE PREISE SIND JE NACH MENGE DEGRESSIV.<\/b><\/p>\n<p class=\"p1\"><b>F\u00fcr weitere Informationen kontaktieren Sie mich bitte.<\/b><\/p>\n<p class=\"p2\"><span class=\"s1\"><a href=\"mailto:info@apimat.ch\"><b>info@apimat.ch<\/b><\/a><\/span><\/p>\n<p class=\"p1\"><b>Telefon: 076 213 80 33<\/b><\/p>\n<p>&nbsp;<\/p>\n","protected":false},"excerpt":{"rendered":"<p>T\u00fcr 4.20 mm Elfenbein Nicot Kunststoff Die Eingangst\u00fcr bei 4,20 mm verhindert, dass die K\u00f6nigin und die m\u00e4nnlichen Bienen aus dem Bienenstock ein- oder austreten, f\u00fcr bestimmte Vorg\u00e4nge zu verwenden. DIE PREISE SIND JE NACH MENGE DEGRESSIV. F\u00fcr weitere Informationen kontaktieren Sie mich bitte. info@apimat.ch Telefon: 076 213 80 33 &nbsp;<\/p>\n","protected":false},"featured_media":17857,"template":"","meta":{"_uf_show_specific_survey":0,"_uf_disable_surveys":false},"product_cat":[912,102],"product_tag":[],"aioseo_notices":[],"_links":{"self":[{"href":"https:\/\/apimat.ch\/de\/wp-json\/wp\/v2\/product\/17902"}],"collection":[{"href":"https:\/\/apimat.ch\/de\/wp-json\/wp\/v2\/product"}],"about":[{"href":"https:\/\/apimat.ch\/de\/wp-json\/wp\/v2\/types\/product"}],"wp:featuredmedia":[{"embeddable":true,"href":"https:\/\/apimat.ch\/de\/wp-json\/wp\/v2\/media\/17857"}],"wp:attachment":[{"href":"https:\/\/apimat.ch\/de\/wp-json\/wp\/v2\/media?parent=17902"}],"wp:term":[{"taxonomy":"product_cat","embeddable":true,"href":"https:\/\/apimat.ch\/de\/wp-json\/wp\/v2\/product_cat?post=17902"},{"taxonomy":"product_tag","embeddable":true,"href":"https:\/\/apimat.ch\/de\/wp-json\/wp\/v2\/product_tag?post=17902"}],"curies":[{"name":"wp","href":"https:\/\/api.w.org\/{rel}","templated":true}]}}