{"id":17905,"date":"2022-04-04T07:56:23","date_gmt":"2022-04-04T11:29:26","guid":{"rendered":"https:\/\/apimat.ch\/?post_type=product&#038;p=17905"},"modified":"2022-04-04T13:29:26","modified_gmt":"2022-04-04T11:29:26","slug":"evolutionaer-tuer-braun-nicot-kunststoff","status":"publish","type":"product","link":"https:\/\/apimat.ch\/de\/produit\/evolutionaer-tuer-braun-nicot-kunststoff\/","title":{"rendered":"Evolution\u00e4r T\u00fcr braun Nicot Kunststoff"},"content":{"rendered":"<h3>Evolution\u00e4r T\u00fcr braun Nicot Kunststoff<\/h3>\n<p>Die &#8220;evolution\u00e4re&#8221; Eingangst\u00fcr Nicot erm\u00f6glicht es, nur an den gew\u00fcnschten Stellen zu \u00f6ffnen. Diese T\u00fcr kann bei Zuchtbienenst\u00f6cken, Bienenst\u00f6cken, zur Verringerung der R\u00e4uberei usw. verwendet werden. Auf demselben Design wie die Standardt\u00fcr k\u00f6nnen bis zu 16 8,5er Durchg\u00e4nge nach Belieben ge\u00f6ffnet werden, indem die Verschl\u00fcsse gebrochen werden. Sobald der Verschluss gebrochen ist, ist die \u00d6ffnung des Durchgangs endg\u00fcltig.<\/p>\n<p class=\"p1\"><b>DIE PREISE SIND JE NACH MENGE DEGRESSIV.<\/b><\/p>\n<p class=\"p1\"><b>F\u00fcr weitere Informationen kontaktieren Sie mich bitte.<\/b><\/p>\n<p class=\"p2\"><span class=\"s1\"><a href=\"mailto:info@apimat.ch\"><b>info@apimat.ch<\/b><\/a><\/span><\/p>\n<p class=\"p1\"><b>Telefon: 076 213 80 33<\/b><\/p>\n","protected":false},"excerpt":{"rendered":"<p>Evolution\u00e4r T\u00fcr braun Nicot Kunststoff Die &#8220;evolution\u00e4re&#8221; Eingangst\u00fcr Nicot erm\u00f6glicht es, nur an den gew\u00fcnschten Stellen zu \u00f6ffnen. Diese T\u00fcr kann bei Zuchtbienenst\u00f6cken, Bienenst\u00f6cken, zur Verringerung der R\u00e4uberei usw. verwendet werden. Auf demselben Design wie die Standardt\u00fcr k\u00f6nnen bis zu 16 8,5er Durchg\u00e4nge nach Belieben ge\u00f6ffnet werden, indem die Verschl\u00fcsse gebrochen werden. Sobald der Verschluss [&hellip;]<\/p>\n","protected":false},"featured_media":17862,"template":"","meta":{"_uf_show_specific_survey":0,"_uf_disable_surveys":false},"product_cat":[102],"product_tag":[],"aioseo_notices":[],"_links":{"self":[{"href":"https:\/\/apimat.ch\/de\/wp-json\/wp\/v2\/product\/17905"}],"collection":[{"href":"https:\/\/apimat.ch\/de\/wp-json\/wp\/v2\/product"}],"about":[{"href":"https:\/\/apimat.ch\/de\/wp-json\/wp\/v2\/types\/product"}],"wp:featuredmedia":[{"embeddable":true,"href":"https:\/\/apimat.ch\/de\/wp-json\/wp\/v2\/media\/17862"}],"wp:attachment":[{"href":"https:\/\/apimat.ch\/de\/wp-json\/wp\/v2\/media?parent=17905"}],"wp:term":[{"taxonomy":"product_cat","embeddable":true,"href":"https:\/\/apimat.ch\/de\/wp-json\/wp\/v2\/product_cat?post=17905"},{"taxonomy":"product_tag","embeddable":true,"href":"https:\/\/apimat.ch\/de\/wp-json\/wp\/v2\/product_tag?post=17905"}],"curies":[{"name":"wp","href":"https:\/\/api.w.org\/{rel}","templated":true}]}}