{"id":17920,"date":"2022-04-04T16:24:33","date_gmt":"2022-04-04T14:31:02","guid":{"rendered":"https:\/\/apimat.ch\/?post_type=product&#038;p=17920"},"modified":"2022-04-04T16:31:03","modified_gmt":"2022-04-04T14:31:03","slug":"top-motorisierte-stange-fuer-honigschleuder-9-und-12-rahmen-oe-520-mm","status":"publish","type":"product","link":"https:\/\/apimat.ch\/de\/produit\/top-motorisierte-stange-fuer-honigschleuder-9-und-12-rahmen-oe-520-mm\/","title":{"rendered":"TOP motorisierte Stange f\u00fcr Honigschleuder 9 und 12 rahmen \u00f8 520 mm"},"content":{"rendered":"<h3>TOP motorisierte Stange f\u00fcr Honigschleuder 9 und 12 rahmen \u00f8 520 mm<\/h3>\n<p class=\"p2\"><b>DIE PREISE SIND JE NACH MENGE DEGRESSIV.<\/b><\/p>\n<p class=\"p2\"><b>F\u00fcr weitere Informationen kontaktieren Sie mich bitte.<\/b><\/p>\n<p class=\"p3\"><span class=\"s1\"><a href=\"mailto:info@apimat.ch\"><b>info@apimat.ch<\/b><\/a><\/span><\/p>\n<p class=\"p2\"><b>Telefon: 076 213 80 33<\/b><\/p>\n","protected":false},"excerpt":{"rendered":"<p>TOP motorisierte Stange f\u00fcr Honigschleuder 9 und 12 rahmen \u00f8 520 mm DIE PREISE SIND JE NACH MENGE DEGRESSIV. F\u00fcr weitere Informationen kontaktieren Sie mich bitte. info@apimat.ch Telefon: 076 213 80 33<\/p>\n","protected":false},"featured_media":17917,"template":"","meta":{"_uf_show_specific_survey":0,"_uf_disable_surveys":false},"product_cat":[107],"product_tag":[],"aioseo_notices":[],"_links":{"self":[{"href":"https:\/\/apimat.ch\/de\/wp-json\/wp\/v2\/product\/17920"}],"collection":[{"href":"https:\/\/apimat.ch\/de\/wp-json\/wp\/v2\/product"}],"about":[{"href":"https:\/\/apimat.ch\/de\/wp-json\/wp\/v2\/types\/product"}],"wp:featuredmedia":[{"embeddable":true,"href":"https:\/\/apimat.ch\/de\/wp-json\/wp\/v2\/media\/17917"}],"wp:attachment":[{"href":"https:\/\/apimat.ch\/de\/wp-json\/wp\/v2\/media?parent=17920"}],"wp:term":[{"taxonomy":"product_cat","embeddable":true,"href":"https:\/\/apimat.ch\/de\/wp-json\/wp\/v2\/product_cat?post=17920"},{"taxonomy":"product_tag","embeddable":true,"href":"https:\/\/apimat.ch\/de\/wp-json\/wp\/v2\/product_tag?post=17920"}],"curies":[{"name":"wp","href":"https:\/\/api.w.org\/{rel}","templated":true}]}}