{"id":18014,"date":"2022-04-18T08:00:23","date_gmt":"2022-04-18T06:07:58","guid":{"rendered":"https:\/\/apimat.ch\/?post_type=product&#038;p=18014"},"modified":"2022-04-18T08:09:08","modified_gmt":"2022-04-18T06:09:08","slug":"propolis-entferner-zum-aufloesen-von-propolis-500ml","status":"publish","type":"product","link":"https:\/\/apimat.ch\/de\/produit\/propolis-entferner-zum-aufloesen-von-propolis-500ml\/","title":{"rendered":"Propolis-Entferner zum Aufl\u00f6sen von Propolis &#8211; 500ml"},"content":{"rendered":"<h3>Propolis-Entferner zum Aufl\u00f6sen von Propolis &#8211; 500ml<\/h3>\n<ul>\n<li>Zum Reinigen von:<\/li>\n<li>Handschuhe<\/li>\n<li>Kleidung<\/li>\n<li>Autositze<\/li>\n<li>Honigausr\u00fcstungen (Extraktor, Reifungsger\u00e4t&#8230;)<\/li>\n<li>Zubeh\u00f6r aus Edelstahl (R\u00e4ucherofen, Rahmenheber, Zange&#8230;)<\/li>\n<li>B\u00f6den (Fliesen, Kacheln&#8230;)<\/li>\n<\/ul>\n<h3><span style=\"text-decoration: underline;\"><strong>GEBRAUCHSANLEITUNG:<\/strong><\/span><\/h3>\n<p>1- Direkt auf die zu reinigenden Fl\u00e4chen spr\u00fchen und einige Minuten einwirken lassen.<\/p>\n<p>2- Absp\u00fclen Bei hartn\u00e4ckigen Propolisspuren spr\u00fchen Sie mehr und lassen Sie es l\u00e4nger einwirken (10 Minuten).<\/p>\n<p>Bei hartn\u00e4ckigen Propolisspuren spr\u00fchen Sie gr\u00fcndlicher und lassen Sie l\u00e4nger einwirken (10 Minuten).<\/p>\n<h3><span style=\"text-decoration: underline;\"><strong>MERKMALE UNSERES PROPOLISENTFERNERS :<\/strong><\/span><\/h3>\n<p>&#8211; Er entfernt Propolis von B\u00f6den, Keramik, Glas, Glas, Kunststoffen, Metalloberfl\u00e4chen, die keine Leichtmetalllegierungen sind, wie z. B. solche, die Aluminium enthalten.<\/p>\n<p>&#8211; Es ist besonders wirksam bei der Reinigung von Kleidung und Handschuhen (insbesondere aus Baumwolle und Leder).<\/p>\n<p>&#8211; Wirkt auch bei der Reinigung von Materialien aus Edelstahl.<\/p>\n<p>&#8211; Das Vorhandensein von Kaliumhydroxid in der Formel verleiht ihm eine hohe Wirksamkeit.<\/p>\n<p>&#8211; Es ist praktisch, da es als Schaumspray verwendet werden kann und sich so besser auf die Oberfl\u00e4chen auftragen l\u00e4sst.<\/p>\n<p>&#8211; Dank der in der L\u00f6sung enthaltenen anionischen Detergenzien ist es sparsam im Verbrauch. Eine geringe Menge des Produkts reicht f\u00fcr eine vollst\u00e4ndige Entfettung aus.<\/p>\n<h3><span style=\"text-decoration: underline;\"><strong>ZUSAMMENSETZUNGEN:<\/strong><\/span><\/h3>\n<p>Kaliumhydroxid, Anionische und nichtionische Tenside &lt; 5 %, Schmutzl\u00f6sende Zus\u00e4tze &lt; 1 %, QSP 100: enth\u00e4rtetes Wasser.<\/p>\n<h3><span style=\"text-decoration: underline;\"><strong>VORSICHTSMASSNAHMEN F\u00dcR IHRE SICHERHEIT :<\/strong><\/span><\/h3>\n<p>&#8211; \u00c4tzendes Produkt, verursacht schwere Ver\u00e4tzungen. &#8211; Unter Verschluss und f\u00fcr Kinder unzug\u00e4nglich aufbewahren. &#8211; Geeignete Schutzkleidung, Handschuhe und einen Augen- und Gesichtsschutz tragen. &#8211; Bei Ber\u00fchrung mit den Augen sofort gr\u00fcndlich mit Wasser absp\u00fclen und einen Fachmann zu Rate ziehen. &#8211; Nach Hautkontakt sofort mit reichlich Wasser mit leichtem Essig abwaschen. &#8211; Bei Verschlucken, Unf\u00e4llen oder Unwohlsein sofort einen Arzt aufsuchen und ihm die Verpackung oder das Etikett zeigen. &#8211; Den Kontakt mit Leichtmetalllegierungen (Aluminium&#8230;) vermeiden.<\/p>\n<p>&nbsp;<\/p>\n<p class=\"p1\"><b>DIE PREISE SIND JE NACH MENGE DEGRESSIV.<\/b><\/p>\n<p class=\"p1\"><b>F\u00fcr weitere Informationen kontaktieren Sie mich bitte.<\/b><\/p>\n<p class=\"p2\"><span class=\"s1\"><a href=\"mailto:info@apimat.ch\"><b>info@apimat.ch<\/b><\/a><\/span><\/p>\n<p class=\"p1\"><b>Telefon: 076 213 80 33<\/b><\/p>\n","protected":false},"excerpt":{"rendered":"<p>Propolis-Entferner zum Aufl\u00f6sen von Propolis &#8211; 500ml Zum Reinigen von: Handschuhe Kleidung Autositze Honigausr\u00fcstungen (Extraktor, Reifungsger\u00e4t&#8230;) Zubeh\u00f6r aus Edelstahl (R\u00e4ucherofen, Rahmenheber, Zange&#8230;) B\u00f6den (Fliesen, Kacheln&#8230;) GEBRAUCHSANLEITUNG: 1- Direkt auf die zu reinigenden Fl\u00e4chen spr\u00fchen und einige Minuten einwirken lassen. 2- Absp\u00fclen Bei hartn\u00e4ckigen Propolisspuren spr\u00fchen Sie mehr und lassen Sie es l\u00e4nger einwirken (10 Minuten). [&hellip;]<\/p>\n","protected":false},"featured_media":18011,"template":"","meta":{"_uf_show_specific_survey":0,"_uf_disable_surveys":false},"product_cat":[98],"product_tag":[],"aioseo_notices":[],"_links":{"self":[{"href":"https:\/\/apimat.ch\/de\/wp-json\/wp\/v2\/product\/18014"}],"collection":[{"href":"https:\/\/apimat.ch\/de\/wp-json\/wp\/v2\/product"}],"about":[{"href":"https:\/\/apimat.ch\/de\/wp-json\/wp\/v2\/types\/product"}],"wp:featuredmedia":[{"embeddable":true,"href":"https:\/\/apimat.ch\/de\/wp-json\/wp\/v2\/media\/18011"}],"wp:attachment":[{"href":"https:\/\/apimat.ch\/de\/wp-json\/wp\/v2\/media?parent=18014"}],"wp:term":[{"taxonomy":"product_cat","embeddable":true,"href":"https:\/\/apimat.ch\/de\/wp-json\/wp\/v2\/product_cat?post=18014"},{"taxonomy":"product_tag","embeddable":true,"href":"https:\/\/apimat.ch\/de\/wp-json\/wp\/v2\/product_tag?post=18014"}],"curies":[{"name":"wp","href":"https:\/\/api.w.org\/{rel}","templated":true}]}}