{"id":18345,"date":"2022-05-29T09:36:37","date_gmt":"2022-05-29T07:41:34","guid":{"rendered":"https:\/\/apimat.ch\/?post_type=product&#038;p=18345"},"modified":"2022-05-29T09:41:34","modified_gmt":"2022-05-29T07:41:34","slug":"kompaktes-akku-blasgeraet-18v","status":"publish","type":"product","link":"https:\/\/apimat.ch\/de\/produit\/kompaktes-akku-blasgeraet-18v\/","title":{"rendered":"Kompaktes Akku-Blasger\u00e4t 18V"},"content":{"rendered":"<h3 class=\"product-description--short-description\">Kompaktes Blasger\u00e4t mit kurzem Rohr f\u00fcr vielseitigen Einsatz<\/h3>\n<p>&nbsp;<\/p>\n<div class=\"product-description--marketing-text\">Mit einem handlichen Blasger\u00e4t blasen Sie kleinen Schmutz und Bl\u00e4tter. Das Gebl\u00e4se ist ideal zum Reinigen von Formen, Maschinen oder Baustellen. Das Blasger\u00e4t verf\u00fcgt \u00fcber eine stufenlose Blasvolumenregulierung und wird mit einem kurzen Blasrohr geliefert. Der maximale Luftstrom der Maschine betr\u00e4gt 80 m\/s und der Luftstrom 3,2 m\u00b3\/min. Maschine allein, ohne Akku, ohne Ladeger\u00e4t.<\/div>\n<div><\/div>\n<div>\n<p class=\"p1\"><b>DIE PREISE SIND JE NACH MENGE DEGRESSIV.<\/b><\/p>\n<p class=\"p1\"><b>F\u00fcr weitere Informationen kontaktieren Sie mich bitte.<\/b><\/p>\n<p class=\"p2\"><span class=\"s1\"><a href=\"mailto:info@apimat.ch\"><b>info@apimat.ch<\/b><\/a><\/span><\/p>\n<p class=\"p1\"><b>Telefon: 076 213 80 33<\/b><\/p>\n<\/div>\n","protected":false},"excerpt":{"rendered":"<p>Kompaktes Blasger\u00e4t mit kurzem Rohr f\u00fcr vielseitigen Einsatz &nbsp; Mit einem handlichen Blasger\u00e4t blasen Sie kleinen Schmutz und Bl\u00e4tter. Das Gebl\u00e4se ist ideal zum Reinigen von Formen, Maschinen oder Baustellen. Das Blasger\u00e4t verf\u00fcgt \u00fcber eine stufenlose Blasvolumenregulierung und wird mit einem kurzen Blasrohr geliefert. Der maximale Luftstrom der Maschine betr\u00e4gt 80 m\/s und der Luftstrom [&hellip;]<\/p>\n","protected":false},"featured_media":18344,"template":"","meta":{"_uf_show_specific_survey":0,"_uf_disable_surveys":false},"product_cat":[494],"product_tag":[],"aioseo_notices":[],"_links":{"self":[{"href":"https:\/\/apimat.ch\/de\/wp-json\/wp\/v2\/product\/18345"}],"collection":[{"href":"https:\/\/apimat.ch\/de\/wp-json\/wp\/v2\/product"}],"about":[{"href":"https:\/\/apimat.ch\/de\/wp-json\/wp\/v2\/types\/product"}],"wp:featuredmedia":[{"embeddable":true,"href":"https:\/\/apimat.ch\/de\/wp-json\/wp\/v2\/media\/18344"}],"wp:attachment":[{"href":"https:\/\/apimat.ch\/de\/wp-json\/wp\/v2\/media?parent=18345"}],"wp:term":[{"taxonomy":"product_cat","embeddable":true,"href":"https:\/\/apimat.ch\/de\/wp-json\/wp\/v2\/product_cat?post=18345"},{"taxonomy":"product_tag","embeddable":true,"href":"https:\/\/apimat.ch\/de\/wp-json\/wp\/v2\/product_tag?post=18345"}],"curies":[{"name":"wp","href":"https:\/\/api.w.org\/{rel}","templated":true}]}}