{"id":18352,"date":"2022-05-29T10:06:11","date_gmt":"2022-05-29T08:08:08","guid":{"rendered":"https:\/\/apimat.ch\/?post_type=product&#038;p=18352"},"modified":"2025-10-04T10:53:29","modified_gmt":"2025-10-04T08:53:29","slug":"bienentraenke-aus-terrakotta-12-liter-hoehe-36-cm","status":"publish","type":"product","link":"https:\/\/apimat.ch\/de\/produit\/bienentraenke-aus-terrakotta-12-liter-hoehe-36-cm\/","title":{"rendered":"Bienentr\u00e4nke aus Terrakotta  &#8211; 12 Liter, H\u00f6he 36 cm"},"content":{"rendered":"<h3>Bienentr\u00e4nke aus Terrakotta &#8211; 12 Liter, H\u00f6he 36 cm<\/h3>\n<p class=\"p1\"><b>DIE PREISE SIND JE NACH MENGE DEGRESSIV.<\/b><\/p>\n<p class=\"p1\"><b>F\u00fcr weitere Informationen kontaktieren Sie mich bitte.<\/b><\/p>\n<p class=\"p2\"><span class=\"s1\"><a href=\"mailto:info@apimat.ch\"><b>info@apimat.ch<\/b><\/a><\/span><\/p>\n<p class=\"p1\"><b>Telefon: 076 213 80 33<\/b><\/p>\n","protected":false},"excerpt":{"rendered":"<p>Bienentr\u00e4nke aus Terrakotta &#8211; 12 Liter, H\u00f6he 36 cm DIE PREISE SIND JE NACH MENGE DEGRESSIV. F\u00fcr weitere Informationen kontaktieren Sie mich bitte. info@apimat.ch Telefon: 076 213 80 33<\/p>\n","protected":false},"featured_media":18351,"template":"","meta":{"_uf_show_specific_survey":0,"_uf_disable_surveys":false},"product_cat":[94],"product_tag":[],"aioseo_notices":[],"_links":{"self":[{"href":"https:\/\/apimat.ch\/de\/wp-json\/wp\/v2\/product\/18352"}],"collection":[{"href":"https:\/\/apimat.ch\/de\/wp-json\/wp\/v2\/product"}],"about":[{"href":"https:\/\/apimat.ch\/de\/wp-json\/wp\/v2\/types\/product"}],"wp:featuredmedia":[{"embeddable":true,"href":"https:\/\/apimat.ch\/de\/wp-json\/wp\/v2\/media\/18351"}],"wp:attachment":[{"href":"https:\/\/apimat.ch\/de\/wp-json\/wp\/v2\/media?parent=18352"}],"wp:term":[{"taxonomy":"product_cat","embeddable":true,"href":"https:\/\/apimat.ch\/de\/wp-json\/wp\/v2\/product_cat?post=18352"},{"taxonomy":"product_tag","embeddable":true,"href":"https:\/\/apimat.ch\/de\/wp-json\/wp\/v2\/product_tag?post=18352"}],"curies":[{"name":"wp","href":"https:\/\/api.w.org\/{rel}","templated":true}]}}