{"id":18487,"date":"2022-06-01T19:06:18","date_gmt":"2022-06-01T17:23:17","guid":{"rendered":"https:\/\/apimat.ch\/?post_type=product&#038;p=18487"},"modified":"2022-06-01T19:23:18","modified_gmt":"2022-06-01T17:23:18","slug":"zink-verstellbarer-staender-fuer-bienenstock-das-paar-made-in-italy","status":"publish","type":"product","link":"https:\/\/apimat.ch\/de\/produit\/zink-verstellbarer-staender-fuer-bienenstock-das-paar-made-in-italy\/","title":{"rendered":"Zink verstellbarer St\u00e4nder f\u00fcr Bienenstock, das Paar (MADE IN ITALY)"},"content":{"rendered":"<p>Zink verstellbarer St\u00e4nder f\u00fcr Bienenstock, das Paar (MADE IN ITALY)<\/p>\n<p class=\"p1\"><b>DIE PREISE SIND JE NACH MENGE DEGRESSIV.<\/b><\/p>\n<p class=\"p1\"><b>F\u00fcr weitere Informationen kontaktieren Sie mich bitte.<\/b><\/p>\n<p class=\"p2\"><span class=\"s1\"><a href=\"mailto:info@apimat.ch\"><b>info@apimat.ch<\/b><\/a><\/span><\/p>\n<p class=\"p1\"><b>Telefon: 076 213 80 33<\/b><\/p>\n","protected":false},"excerpt":{"rendered":"<p>Zink verstellbarer St\u00e4nder f\u00fcr Bienenstock, das Paar (MADE IN ITALY) DIE PREISE SIND JE NACH MENGE DEGRESSIV. F\u00fcr weitere Informationen kontaktieren Sie mich bitte. info@apimat.ch Telefon: 076 213 80 33<\/p>\n","protected":false},"featured_media":18481,"template":"","meta":{"_uf_show_specific_survey":0,"_uf_disable_surveys":false},"product_cat":[98],"product_tag":[],"aioseo_notices":[],"_links":{"self":[{"href":"https:\/\/apimat.ch\/de\/wp-json\/wp\/v2\/product\/18487"}],"collection":[{"href":"https:\/\/apimat.ch\/de\/wp-json\/wp\/v2\/product"}],"about":[{"href":"https:\/\/apimat.ch\/de\/wp-json\/wp\/v2\/types\/product"}],"wp:featuredmedia":[{"embeddable":true,"href":"https:\/\/apimat.ch\/de\/wp-json\/wp\/v2\/media\/18481"}],"wp:attachment":[{"href":"https:\/\/apimat.ch\/de\/wp-json\/wp\/v2\/media?parent=18487"}],"wp:term":[{"taxonomy":"product_cat","embeddable":true,"href":"https:\/\/apimat.ch\/de\/wp-json\/wp\/v2\/product_cat?post=18487"},{"taxonomy":"product_tag","embeddable":true,"href":"https:\/\/apimat.ch\/de\/wp-json\/wp\/v2\/product_tag?post=18487"}],"curies":[{"name":"wp","href":"https:\/\/api.w.org\/{rel}","templated":true}]}}