{"id":18624,"date":"2022-06-19T13:41:55","date_gmt":"2022-06-19T11:45:53","guid":{"rendered":"https:\/\/apimat.ch\/?post_type=product&#038;p=18624"},"modified":"2022-08-11T19:54:57","modified_gmt":"2022-08-11T17:54:57","slug":"professioneller-nassenheider-diffusor-zwei-stueck-pro-packung","status":"publish","type":"product","link":"https:\/\/apimat.ch\/de\/produit\/professioneller-nassenheider-diffusor-zwei-stueck-pro-packung\/","title":{"rendered":"Professioneller Nassenheider Diffusor, zwei St\u00fcck pro Packung"},"content":{"rendered":"<h3>Professioneller Nassenheider Diffusor, zwei St\u00fcck pro Packung<\/h3>\n<p>Diffusor f\u00fcr Nassenheider Ameisens\u00e4ure,<br \/>\nKann mit 60-prozentiger Ameisens\u00e4ure in einem Anwendungsbereich zwischen 10 und 30 Grad verwendet werden. Kann auch mit 85%iger Ameisens\u00e4ure verwendet werden, jedoch nur zwischen 10 und 15 Grad.<\/p>\n<div class='avia-iframe-wrap'><iframe loading=\"lazy\" title=\"Nassenheider Verdunster professional - Tutorial\" width=\"1500\" height=\"844\" src=\"https:\/\/www.youtube.com\/embed\/cttyQjwhhoY?start=14&#038;feature=oembed\" frameborder=\"0\" allow=\"accelerometer; autoplay; clipboard-write; encrypted-media; gyroscope; picture-in-picture\" allowfullscreen><\/iframe><\/div>\n<p class=\"p1\"><b>DIE PREISE SIND JE NACH MENGE DEGRESSIV.<\/b><\/p>\n<p class=\"p1\"><b>F\u00fcr weitere Informationen kontaktieren Sie mich bitte.<\/b><\/p>\n<p class=\"p2\"><span class=\"s1\"><a href=\"mailto:info@apimat.ch\"><b>info@apimat.ch<\/b><\/a><\/span><\/p>\n<p class=\"p1\"><b>Telefon: 076 213 80 33<\/b><\/p>\n","protected":false},"excerpt":{"rendered":"<p>Professioneller Nassenheider Diffusor, zwei St\u00fcck pro Packung Diffusor f\u00fcr Nassenheider Ameisens\u00e4ure, Kann mit 60-prozentiger Ameisens\u00e4ure in einem Anwendungsbereich zwischen 10 und 30 Grad verwendet werden. Kann auch mit 85%iger Ameisens\u00e4ure verwendet werden, jedoch nur zwischen 10 und 15 Grad. DIE PREISE SIND JE NACH MENGE DEGRESSIV. F\u00fcr weitere Informationen kontaktieren Sie mich bitte. info@apimat.ch Telefon: [&hellip;]<\/p>\n","protected":false},"featured_media":18622,"template":"","meta":{"_uf_show_specific_survey":0,"_uf_disable_surveys":false},"product_cat":[390],"product_tag":[],"aioseo_notices":[],"_links":{"self":[{"href":"https:\/\/apimat.ch\/de\/wp-json\/wp\/v2\/product\/18624"}],"collection":[{"href":"https:\/\/apimat.ch\/de\/wp-json\/wp\/v2\/product"}],"about":[{"href":"https:\/\/apimat.ch\/de\/wp-json\/wp\/v2\/types\/product"}],"wp:featuredmedia":[{"embeddable":true,"href":"https:\/\/apimat.ch\/de\/wp-json\/wp\/v2\/media\/18622"}],"wp:attachment":[{"href":"https:\/\/apimat.ch\/de\/wp-json\/wp\/v2\/media?parent=18624"}],"wp:term":[{"taxonomy":"product_cat","embeddable":true,"href":"https:\/\/apimat.ch\/de\/wp-json\/wp\/v2\/product_cat?post=18624"},{"taxonomy":"product_tag","embeddable":true,"href":"https:\/\/apimat.ch\/de\/wp-json\/wp\/v2\/product_tag?post=18624"}],"curies":[{"name":"wp","href":"https:\/\/api.w.org\/{rel}","templated":true}]}}