{"id":18631,"date":"2022-06-19T13:49:48","date_gmt":"2022-06-19T11:54:14","guid":{"rendered":"https:\/\/apimat.ch\/?post_type=product&#038;p=18631"},"modified":"2022-06-19T13:54:14","modified_gmt":"2022-06-19T11:54:14","slug":"zeichnungsapparat-zum-zeichen-der-koeniginnen-kolbenfoermig-mit-weicher-schaumstoffauflage-typ-2","status":"publish","type":"product","link":"https:\/\/apimat.ch\/de\/produit\/zeichnungsapparat-zum-zeichen-der-koeniginnen-kolbenfoermig-mit-weicher-schaumstoffauflage-typ-2\/","title":{"rendered":"Zeichnungsapparat zum Zeichen der K\u00f6niginnen, kolbenf\u00f6rmig, mit weicher  Schaumstoffauflage, Typ 2"},"content":{"rendered":"<h3>Zeichnungsapparat zum Zeichen der K\u00f6niginnen, kolbenf\u00f6rmig, mit weicher Schaumstoffauflage, Typ 2<\/h3>\n<p class=\"p1\"><b>DIE PREISE SIND JE NACH MENGE DEGRESSIV.<\/b><\/p>\n<p class=\"p1\"><b>F\u00fcr weitere Informationen kontaktieren Sie mich bitte.<\/b><\/p>\n<p class=\"p2\"><span class=\"s1\"><a href=\"mailto:info@apimat.ch\"><b>info@apimat.ch<\/b><\/a><\/span><\/p>\n<p class=\"p1\"><b>Telefon: 076 213 80 33<\/b><\/p>\n","protected":false},"excerpt":{"rendered":"<p>Zeichnungsapparat zum Zeichen der K\u00f6niginnen, kolbenf\u00f6rmig, mit weicher Schaumstoffauflage, Typ 2 DIE PREISE SIND JE NACH MENGE DEGRESSIV. F\u00fcr weitere Informationen kontaktieren Sie mich bitte. info@apimat.ch Telefon: 076 213 80 33<\/p>\n","protected":false},"featured_media":18630,"template":"","meta":{"_uf_show_specific_survey":0,"_uf_disable_surveys":false},"product_cat":[95],"product_tag":[],"aioseo_notices":[],"_links":{"self":[{"href":"https:\/\/apimat.ch\/de\/wp-json\/wp\/v2\/product\/18631"}],"collection":[{"href":"https:\/\/apimat.ch\/de\/wp-json\/wp\/v2\/product"}],"about":[{"href":"https:\/\/apimat.ch\/de\/wp-json\/wp\/v2\/types\/product"}],"wp:featuredmedia":[{"embeddable":true,"href":"https:\/\/apimat.ch\/de\/wp-json\/wp\/v2\/media\/18630"}],"wp:attachment":[{"href":"https:\/\/apimat.ch\/de\/wp-json\/wp\/v2\/media?parent=18631"}],"wp:term":[{"taxonomy":"product_cat","embeddable":true,"href":"https:\/\/apimat.ch\/de\/wp-json\/wp\/v2\/product_cat?post=18631"},{"taxonomy":"product_tag","embeddable":true,"href":"https:\/\/apimat.ch\/de\/wp-json\/wp\/v2\/product_tag?post=18631"}],"curies":[{"name":"wp","href":"https:\/\/api.w.org\/{rel}","templated":true}]}}