{"id":18764,"date":"2022-07-08T18:50:36","date_gmt":"2022-07-08T17:04:09","guid":{"rendered":"https:\/\/apimat.ch\/?post_type=product&#038;p=18764"},"modified":"2022-07-08T19:04:10","modified_gmt":"2022-07-08T17:04:10","slug":"metallverstaerkung-fuer-die-6-zargige-beutetuer-aus-polystiren","status":"publish","type":"product","link":"https:\/\/apimat.ch\/de\/produit\/metallverstaerkung-fuer-die-6-zargige-beutetuer-aus-polystiren\/","title":{"rendered":"Metallverst\u00e4rkung f\u00fcr die 6-zargige Beutet\u00fcr aus Polystiren"},"content":{"rendered":"<p>Metallverst\u00e4rkung f\u00fcr die 6-zargige Beutet\u00fcr aus Polystiren<\/p>\n<p>Verzinktes Blech<br \/>\nBesteht aus 2 Teilen &#8211; Basis und Schieber.<br \/>\nF\u00fcr Bienenstock mit 6 Rahmen aus Polystyrol.<br \/>\nKomplett (2 Teile) &#8211; exkl. Schrauben.<br \/>\n3 Positionen, geschlossen &#8211; offen &#8211; Antipiraterie halb offen<\/p>\n<p class=\"p1\"><b>DIE PREISE SIND JE NACH MENGE DEGRESSIV.<\/b><\/p>\n<p class=\"p1\"><b>F\u00fcr weitere Informationen kontaktieren Sie mich bitte.<\/b><\/p>\n<p class=\"p2\"><span class=\"s1\"><a href=\"mailto:info@apimat.ch\"><b>info@apimat.ch<\/b><\/a><\/span><\/p>\n<p class=\"p1\"><b>Telefon: 076 213 80 33<\/b><\/p>\n","protected":false},"excerpt":{"rendered":"<p>Metallverst\u00e4rkung f\u00fcr die 6-zargige Beutet\u00fcr aus Polystiren Verzinktes Blech Besteht aus 2 Teilen &#8211; Basis und Schieber. F\u00fcr Bienenstock mit 6 Rahmen aus Polystyrol. Komplett (2 Teile) &#8211; exkl. Schrauben. 3 Positionen, geschlossen &#8211; offen &#8211; Antipiraterie halb offen DIE PREISE SIND JE NACH MENGE DEGRESSIV. F\u00fcr weitere Informationen kontaktieren Sie mich bitte. info@apimat.ch Telefon: [&hellip;]<\/p>\n","protected":false},"featured_media":18747,"template":"","meta":{"_uf_show_specific_survey":0,"_uf_disable_surveys":false},"product_cat":[102],"product_tag":[],"aioseo_notices":[],"_links":{"self":[{"href":"https:\/\/apimat.ch\/de\/wp-json\/wp\/v2\/product\/18764"}],"collection":[{"href":"https:\/\/apimat.ch\/de\/wp-json\/wp\/v2\/product"}],"about":[{"href":"https:\/\/apimat.ch\/de\/wp-json\/wp\/v2\/types\/product"}],"wp:featuredmedia":[{"embeddable":true,"href":"https:\/\/apimat.ch\/de\/wp-json\/wp\/v2\/media\/18747"}],"wp:attachment":[{"href":"https:\/\/apimat.ch\/de\/wp-json\/wp\/v2\/media?parent=18764"}],"wp:term":[{"taxonomy":"product_cat","embeddable":true,"href":"https:\/\/apimat.ch\/de\/wp-json\/wp\/v2\/product_cat?post=18764"},{"taxonomy":"product_tag","embeddable":true,"href":"https:\/\/apimat.ch\/de\/wp-json\/wp\/v2\/product_tag?post=18764"}],"curies":[{"name":"wp","href":"https:\/\/api.w.org\/{rel}","templated":true}]}}