{"id":18793,"date":"2022-07-09T12:32:28","date_gmt":"2022-07-09T10:32:29","guid":{"rendered":"https:\/\/apimat.ch\/?post_type=product&#038;p=18793"},"modified":"2022-07-09T12:38:21","modified_gmt":"2022-07-09T10:38:21","slug":"dekantertank-vollstaendig-aus-edelstahl-aisi-304-einzeltank","status":"publish","type":"product","link":"https:\/\/apimat.ch\/de\/produit\/dekantertank-vollstaendig-aus-edelstahl-aisi-304-einzeltank\/","title":{"rendered":"Dekantertank, vollst\u00e4ndig aus edelstahl aisi 304, einzeltank"},"content":{"rendered":"<p>Dekantertank, vollst\u00e4ndig aus edelstahl aisi 304, einzeltank<\/p>\n<p>Honig -Kl\u00e4rbecken komplett aus Edelstahl AISI 304, einwandig, zur direkten Aufnahme des aus<br \/>\nder Honigschleuder kommenden Honigs und sofortiger Kl\u00e4rung von gr\u00f6\u00dferen Verunreinigungen. Der obere Teil besteht aus einem abmontierbaren, gro\u00dfen Grobsieb. Im Becken befindet sich eine senkrechte, unten ge\u00f6ffnete Trennwand, die auf Grund des unterschiedlichen spezifischen Gewichts ein zweite Kl\u00e4rung des Honigs vornimmt, indem sie die leichteren, aufschwimmenden Reste zur\u00fcckh\u00e4lt. Komplett mit Edelstahl-Saugrohr \u00d850mm f\u00fcr das Ansaugen des Honigs durch eine\u00a0 Pumpe.<\/p>\n<p>Technische Merkmale<br \/>\nFertigung Edelstahl AISI 304<br \/>\nSt\u00e4rke 1,2 mm<br \/>\nAbmessungen 850x545x280 mm<br \/>\nFassungsverm\u00f6gen 150 Kg<br \/>\nGewicht 17,5 Kg<\/p>\n<p><strong>F\u00fcr weitere Informationen kontaktieren Sie mich bitte.<\/strong><\/p>\n<p><a href=\"mailto:info@apimat.ch\"><strong>info@apimat.ch<\/strong><\/a><\/p>\n<p><strong>Telefon: 076 213 80 33<\/strong><\/p>\n","protected":false},"excerpt":{"rendered":"<p>Dekantertank, vollst\u00e4ndig aus edelstahl aisi 304, einzeltank Honig -Kl\u00e4rbecken komplett aus Edelstahl AISI 304, einwandig, zur direkten Aufnahme des aus der Honigschleuder kommenden Honigs und sofortiger Kl\u00e4rung von gr\u00f6\u00dferen Verunreinigungen. Der obere Teil besteht aus einem abmontierbaren, gro\u00dfen Grobsieb. Im Becken befindet sich eine senkrechte, unten ge\u00f6ffnete Trennwand, die auf Grund des unterschiedlichen spezifischen Gewichts [&hellip;]<\/p>\n","protected":false},"featured_media":18791,"template":"","meta":{"_uf_show_specific_survey":0,"_uf_disable_surveys":false},"product_cat":[128],"product_tag":[],"aioseo_notices":[],"_links":{"self":[{"href":"https:\/\/apimat.ch\/de\/wp-json\/wp\/v2\/product\/18793"}],"collection":[{"href":"https:\/\/apimat.ch\/de\/wp-json\/wp\/v2\/product"}],"about":[{"href":"https:\/\/apimat.ch\/de\/wp-json\/wp\/v2\/types\/product"}],"wp:featuredmedia":[{"embeddable":true,"href":"https:\/\/apimat.ch\/de\/wp-json\/wp\/v2\/media\/18791"}],"wp:attachment":[{"href":"https:\/\/apimat.ch\/de\/wp-json\/wp\/v2\/media?parent=18793"}],"wp:term":[{"taxonomy":"product_cat","embeddable":true,"href":"https:\/\/apimat.ch\/de\/wp-json\/wp\/v2\/product_cat?post=18793"},{"taxonomy":"product_tag","embeddable":true,"href":"https:\/\/apimat.ch\/de\/wp-json\/wp\/v2\/product_tag?post=18793"}],"curies":[{"name":"wp","href":"https:\/\/api.w.org\/{rel}","templated":true}]}}