{"id":19666,"date":"2022-08-23T19:26:47","date_gmt":"2022-09-10T06:30:51","guid":{"rendered":"https:\/\/apimat.ch\/?post_type=product&#038;p=19666"},"modified":"2026-04-13T14:43:11","modified_gmt":"2026-04-13T12:43:11","slug":"dadant-honigraum-fuer-polystyrol-beutelbeuten-6-rahmen","status":"publish","type":"product","link":"https:\/\/apimat.ch\/de\/produit\/dadant-honigraum-fuer-polystyrol-beutelbeuten-6-rahmen\/","title":{"rendered":"Dadant Honigraum f\u00fcr Polystyrol-Beutelbeuten 6 Rahmen"},"content":{"rendered":"<p>Dadant Honigraum f\u00fcr Polystyrol-Beutelbeuten 6 Rahmen<\/p>\n<p>Mit umlaufenden Kanten f\u00fcr einen einfachen Griff und eine gr\u00f6\u00dfere Robustheit des Anstiegs.<\/p>\n<p>Sie k\u00f6nnen mit wasserbasierten Farben gestrichen werden, dies reduziert die \u00e4u\u00dfere Alterung und gibt dem Produkt eine gr\u00f6\u00dfere Festigkeit und Haltbarkeit.<\/p>\n<p class=\"p1\"><b>DIE PREISE SIND JE NACH MENGE DEGRESSIV.<\/b><\/p>\n<p class=\"p1\"><b>F\u00fcr weitere Informationen kontaktieren Sie mich bitte.<\/b><\/p>\n<p class=\"p2\"><span class=\"s1\"><a href=\"mailto:info@apimat.ch\"><b>info@apimat.ch<\/b><\/a><\/span><\/p>\n<p class=\"p1\"><b>Telefon: 076 213 80 33<\/b><\/p>\n","protected":false},"excerpt":{"rendered":"<p>Dadant Honigraum f\u00fcr Polystyrol-Beutelbeuten 6 Rahmen Mit umlaufenden Kanten f\u00fcr einen einfachen Griff und eine gr\u00f6\u00dfere Robustheit des Anstiegs. Sie k\u00f6nnen mit wasserbasierten Farben gestrichen werden, dies reduziert die \u00e4u\u00dfere Alterung und gibt dem Produkt eine gr\u00f6\u00dfere Festigkeit und Haltbarkeit. DIE PREISE SIND JE NACH MENGE DEGRESSIV. F\u00fcr weitere Informationen kontaktieren Sie mich bitte. info@apimat.ch [&hellip;]<\/p>\n","protected":false},"featured_media":19131,"template":"","meta":{"_uf_show_specific_survey":0,"_uf_disable_surveys":false},"product_cat":[102],"product_tag":[],"aioseo_notices":[],"_links":{"self":[{"href":"https:\/\/apimat.ch\/de\/wp-json\/wp\/v2\/product\/19666"}],"collection":[{"href":"https:\/\/apimat.ch\/de\/wp-json\/wp\/v2\/product"}],"about":[{"href":"https:\/\/apimat.ch\/de\/wp-json\/wp\/v2\/types\/product"}],"wp:featuredmedia":[{"embeddable":true,"href":"https:\/\/apimat.ch\/de\/wp-json\/wp\/v2\/media\/19131"}],"wp:attachment":[{"href":"https:\/\/apimat.ch\/de\/wp-json\/wp\/v2\/media?parent=19666"}],"wp:term":[{"taxonomy":"product_cat","embeddable":true,"href":"https:\/\/apimat.ch\/de\/wp-json\/wp\/v2\/product_cat?post=19666"},{"taxonomy":"product_tag","embeddable":true,"href":"https:\/\/apimat.ch\/de\/wp-json\/wp\/v2\/product_tag?post=19666"}],"curies":[{"name":"wp","href":"https:\/\/api.w.org\/{rel}","templated":true}]}}