{"id":19669,"date":"2022-08-23T19:35:15","date_gmt":"2022-09-10T06:34:55","guid":{"rendered":"https:\/\/apimat.ch\/?post_type=product&#038;p=19669"},"modified":"2023-03-04T23:23:29","modified_gmt":"2023-03-04T22:23:29","slug":"reklame-taflen-honig-aus-eigener-imkerei","status":"publish","type":"product","link":"https:\/\/apimat.ch\/de\/produit\/reklame-taflen-honig-aus-eigener-imkerei\/","title":{"rendered":"Reklametafel &#8221;Honig aus eigener Imkerei&#8221;"},"content":{"rendered":"<p>Reklametafel &#8221;Honig aus eigener Imkerei&#8221;<\/p>\n<p>Aus Plastik hergestellt.<br \/>\nText: Deutsch.<br \/>\nMa\u00dfe: 35\u00d725cm (L\u00d7W)<\/p>\n<p class=\"p1\"><b>DIE PREISE SIND JE NACH MENGE DEGRESSIV.<\/b><\/p>\n<p class=\"p1\"><b>F\u00fcr weitere Informationen kontaktieren Sie mich bitte.<\/b><\/p>\n<p class=\"p2\"><span class=\"s1\"><a href=\"mailto:info@apimat.ch\"><b>info@apimat.ch<\/b><\/a><\/span><\/p>\n<p class=\"p1\"><b>Telefon: 076 213 80 33<\/b><\/p>\n","protected":false},"excerpt":{"rendered":"<p>Reklametafel &#8221;Honig aus eigener Imkerei&#8221; Aus Plastik hergestellt. Text: Deutsch. Ma\u00dfe: 35\u00d725cm (L\u00d7W) DIE PREISE SIND JE NACH MENGE DEGRESSIV. F\u00fcr weitere Informationen kontaktieren Sie mich bitte. info@apimat.ch Telefon: 076 213 80 33<\/p>\n","protected":false},"featured_media":19134,"template":"","meta":{"_uf_show_specific_survey":0,"_uf_disable_surveys":false},"product_cat":[98],"product_tag":[],"aioseo_notices":[],"_links":{"self":[{"href":"https:\/\/apimat.ch\/de\/wp-json\/wp\/v2\/product\/19669"}],"collection":[{"href":"https:\/\/apimat.ch\/de\/wp-json\/wp\/v2\/product"}],"about":[{"href":"https:\/\/apimat.ch\/de\/wp-json\/wp\/v2\/types\/product"}],"wp:featuredmedia":[{"embeddable":true,"href":"https:\/\/apimat.ch\/de\/wp-json\/wp\/v2\/media\/19134"}],"wp:attachment":[{"href":"https:\/\/apimat.ch\/de\/wp-json\/wp\/v2\/media?parent=19669"}],"wp:term":[{"taxonomy":"product_cat","embeddable":true,"href":"https:\/\/apimat.ch\/de\/wp-json\/wp\/v2\/product_cat?post=19669"},{"taxonomy":"product_tag","embeddable":true,"href":"https:\/\/apimat.ch\/de\/wp-json\/wp\/v2\/product_tag?post=19669"}],"curies":[{"name":"wp","href":"https:\/\/api.w.org\/{rel}","templated":true}]}}