{"id":19671,"date":"2022-08-23T19:45:42","date_gmt":"2022-09-10T06:37:14","guid":{"rendered":"https:\/\/apimat.ch\/?post_type=product&#038;p=19671"},"modified":"2022-09-10T08:37:14","modified_gmt":"2022-09-10T06:37:14","slug":"dadant-isolationskaefig-um-die-koenigin-zu-isolieren","status":"publish","type":"product","link":"https:\/\/apimat.ch\/de\/produit\/dadant-isolationskaefig-um-die-koenigin-zu-isolieren\/","title":{"rendered":"Dadant Isolationsk\u00e4fig um die K\u00f6nigin zu isolieren"},"content":{"rendered":"<p>Dadant Isolationsk\u00e4fig um die K\u00f6nigin zu isolieren<\/p>\n<p>Gitter-Isolierk\u00e4fig f\u00fcr eine Dadant-Wabenzarge zur Bek\u00e4mpfung der Varroa-Milbe mit einer biologischen Methode. F\u00fcr R\u00e4hmchen von Dadant.<\/p>\n<p>Innerhalb dieses K\u00e4figs wird ein einzelner Rahmen eingef\u00fcgt, um die K\u00f6nigin zu isolieren und die Brut nur auf diesem Rahmen durchzulassen.<br \/>\nNat\u00fcrliche Methode zur Bek\u00e4mpfung der Varroa-Milbe, da der Fortpflanzungszyklus der Varroa-Milbe nur in den Zellen mit der Brut stattfindet.<\/p>\n<p>&nbsp;<\/p>\n<p class=\"p1\"><b>DIE PREISE SIND JE NACH MENGE DEGRESSIV.<\/b><\/p>\n<p class=\"p1\"><b>F\u00fcr weitere Informationen kontaktieren Sie mich bitte.<\/b><\/p>\n<p class=\"p2\"><span class=\"s1\"><a href=\"mailto:info@apimat.ch\"><b>info@apimat.ch<\/b><\/a><\/span><\/p>\n<p class=\"p1\"><b>Telefon: 076 213 80 33<\/b><\/p>\n","protected":false},"excerpt":{"rendered":"<p>Dadant Isolationsk\u00e4fig um die K\u00f6nigin zu isolieren Gitter-Isolierk\u00e4fig f\u00fcr eine Dadant-Wabenzarge zur Bek\u00e4mpfung der Varroa-Milbe mit einer biologischen Methode. F\u00fcr R\u00e4hmchen von Dadant. Innerhalb dieses K\u00e4figs wird ein einzelner Rahmen eingef\u00fcgt, um die K\u00f6nigin zu isolieren und die Brut nur auf diesem Rahmen durchzulassen. Nat\u00fcrliche Methode zur Bek\u00e4mpfung der Varroa-Milbe, da der Fortpflanzungszyklus der Varroa-Milbe [&hellip;]<\/p>\n","protected":false},"featured_media":19139,"template":"","meta":{"_uf_show_specific_survey":0,"_uf_disable_surveys":false},"product_cat":[390,95],"product_tag":[],"aioseo_notices":[],"_links":{"self":[{"href":"https:\/\/apimat.ch\/de\/wp-json\/wp\/v2\/product\/19671"}],"collection":[{"href":"https:\/\/apimat.ch\/de\/wp-json\/wp\/v2\/product"}],"about":[{"href":"https:\/\/apimat.ch\/de\/wp-json\/wp\/v2\/types\/product"}],"wp:featuredmedia":[{"embeddable":true,"href":"https:\/\/apimat.ch\/de\/wp-json\/wp\/v2\/media\/19139"}],"wp:attachment":[{"href":"https:\/\/apimat.ch\/de\/wp-json\/wp\/v2\/media?parent=19671"}],"wp:term":[{"taxonomy":"product_cat","embeddable":true,"href":"https:\/\/apimat.ch\/de\/wp-json\/wp\/v2\/product_cat?post=19671"},{"taxonomy":"product_tag","embeddable":true,"href":"https:\/\/apimat.ch\/de\/wp-json\/wp\/v2\/product_tag?post=19671"}],"curies":[{"name":"wp","href":"https:\/\/api.w.org\/{rel}","templated":true}]}}