{"id":19674,"date":"2022-08-23T19:55:24","date_gmt":"2022-09-10T07:17:55","guid":{"rendered":"https:\/\/apimat.ch\/?post_type=product&#038;p=19674"},"modified":"2022-09-10T09:17:55","modified_gmt":"2022-09-10T07:17:55","slug":"quadratischer-kaefig-zur-aufnahme-der-neuen-koenigin","status":"publish","type":"product","link":"https:\/\/apimat.ch\/de\/produit\/quadratischer-kaefig-zur-aufnahme-der-neuen-koenigin\/","title":{"rendered":"Quadratischer K\u00e4fig zur Aufnahme der neuen K\u00f6nigin"},"content":{"rendered":"<p>Quadratischer K\u00e4fig zur Aufnahme der neuen K\u00f6nigin<\/p>\n<p>MASSNAHMEN: 130x150mm<\/p>\n<p class=\"p1\"><b>DIE PREISE SIND JE NACH MENGE DEGRESSIV.<\/b><\/p>\n<p class=\"p1\"><b>F\u00fcr weitere Informationen kontaktieren Sie mich bitte.<\/b><\/p>\n<p class=\"p2\"><span class=\"s1\"><a href=\"mailto:info@apimat.ch\"><b>info@apimat.ch<\/b><\/a><\/span><\/p>\n<p class=\"p1\"><b>Telefon: 076 213 80 33<\/b><\/p>\n","protected":false},"excerpt":{"rendered":"<p>Quadratischer K\u00e4fig zur Aufnahme der neuen K\u00f6nigin MASSNAHMEN: 130x150mm DIE PREISE SIND JE NACH MENGE DEGRESSIV. F\u00fcr weitere Informationen kontaktieren Sie mich bitte. info@apimat.ch Telefon: 076 213 80 33<\/p>\n","protected":false},"featured_media":19144,"template":"","meta":{"_uf_show_specific_survey":0,"_uf_disable_surveys":false},"product_cat":[95],"product_tag":[],"aioseo_notices":[],"_links":{"self":[{"href":"https:\/\/apimat.ch\/de\/wp-json\/wp\/v2\/product\/19674"}],"collection":[{"href":"https:\/\/apimat.ch\/de\/wp-json\/wp\/v2\/product"}],"about":[{"href":"https:\/\/apimat.ch\/de\/wp-json\/wp\/v2\/types\/product"}],"wp:featuredmedia":[{"embeddable":true,"href":"https:\/\/apimat.ch\/de\/wp-json\/wp\/v2\/media\/19144"}],"wp:attachment":[{"href":"https:\/\/apimat.ch\/de\/wp-json\/wp\/v2\/media?parent=19674"}],"wp:term":[{"taxonomy":"product_cat","embeddable":true,"href":"https:\/\/apimat.ch\/de\/wp-json\/wp\/v2\/product_cat?post=19674"},{"taxonomy":"product_tag","embeddable":true,"href":"https:\/\/apimat.ch\/de\/wp-json\/wp\/v2\/product_tag?post=19674"}],"curies":[{"name":"wp","href":"https:\/\/api.w.org\/{rel}","templated":true}]}}