{"id":19696,"date":"2022-08-23T20:19:29","date_gmt":"2022-09-10T08:10:23","guid":{"rendered":"https:\/\/apimat.ch\/?post_type=product&#038;p=19696"},"modified":"2022-09-10T10:10:23","modified_gmt":"2022-09-10T08:10:23","slug":"kleiner-kostenguenstiger-wachsschmelzer-aus-edelstahl-und-expandiertem-polypropylen-410x610x340-mm","status":"publish","type":"product","link":"https:\/\/apimat.ch\/de\/produit\/kleiner-kostenguenstiger-wachsschmelzer-aus-edelstahl-und-expandiertem-polypropylen-410x610x340-mm\/","title":{"rendered":"Kleiner, kosteng\u00fcnstiger wachsschmelzer aus Edelstahl und expandiertem Polypropylen 410x610x340 mm"},"content":{"rendered":"<p>Sehr preisg\u00fcnstig, ausdr\u00fccklich f\u00fcr Anf\u00e4ngerimker gedacht, die eine kleine Anzahl von Bienenst\u00f6cken haben, sich aber bereits mit dem Problem der Wachsgewinnung auseinandersetzen m\u00fcssen, indem sie Wachs sowohl aus alten Waben als auch aus abgetropften Deckeln oder jeglichem Restwachs schmelzen.<\/p>\n<p>Die \u00e4u\u00dfere Struktur besteht aus einem geformten Beh\u00e4lter aus EXPANSIBLE POLYPROPYLEN, einem Material mit au\u00dfergew\u00f6hnlichen isolierenden Eigenschaften und der F\u00e4higkeit, hohen Temperaturen standzuhalten, die durch die Einwirkung von Sonnenstrahlen im Inneren der Wachsmaschine entstehen.<br \/>\nEine 4 mm dicke Plexiglasplatte wird in den abnehmbaren Deckel eingef\u00fcgt, der als geh\u00e4rtetes Glas fungiert, das bei Sonnenwachsmaschinen der h\u00f6chsten Klasse montiert ist.<\/p>\n<p>Die Au\u00dfenkonstruktion steht auf einem speziellen Gestell aus gezogenem Edelstahl mit einer Neigung von 15\u00b0 und ist nach S\u00fcden ausgerichtet, um die Sonnenstrahlen optimal zu nutzen.<br \/>\nDie Tests, die wir mehrmals in den Sommermonaten durchgef\u00fchrt haben, verzeichneten sie Innentemperaturen von \u00fcber 102 \u00b0C . (wobei zu beachten ist, dass der Schmelzpunkt von Wachs im Durchschnitt bei 65 \u00b0C liegt).<br \/>\nUm die Kapazit\u00e4t des Wachsziehers optimal auszunutzen, wenn Sie alte Waben schmelzen m\u00fcssen, ist es gut, diese aus dem Holz zu entfernen und dann ca. 10 cm lange Streifen zu schneiden, die Sie senkrecht nebeneinander auf der perforierten Auflagefl\u00e4che anordnen.<\/p>\n<p>TECHNISCHE DATEN<\/p>\n<p>Ma\u00dfe der Wachsmaschine: 410x610x340 mm<\/p>\n<p class=\"p1\"><b>DIE PREISE SIND JE NACH MENGE DEGRESSIV.<\/b><\/p>\n<p class=\"p1\"><b>F\u00fcr weitere Informationen kontaktieren Sie mich bitte.<\/b><\/p>\n<p class=\"p2\"><span class=\"s1\"><a href=\"mailto:info@apimat.ch\"><b>info@apimat.ch<\/b><\/a><\/span><\/p>\n<p class=\"p1\"><b>Telefon: 076 213 80 33<\/b><\/p>\n","protected":false},"excerpt":{"rendered":"<p>Sehr preisg\u00fcnstig, ausdr\u00fccklich f\u00fcr Anf\u00e4ngerimker gedacht, die eine kleine Anzahl von Bienenst\u00f6cken haben, sich aber bereits mit dem Problem der Wachsgewinnung auseinandersetzen m\u00fcssen, indem sie Wachs sowohl aus alten Waben als auch aus abgetropften Deckeln oder jeglichem Restwachs schmelzen. Die \u00e4u\u00dfere Struktur besteht aus einem geformten Beh\u00e4lter aus EXPANSIBLE POLYPROPYLEN, einem Material mit au\u00dfergew\u00f6hnlichen isolierenden [&hellip;]<\/p>\n","protected":false},"featured_media":19160,"template":"","meta":{"_uf_show_specific_survey":0,"_uf_disable_surveys":false},"product_cat":[103],"product_tag":[],"aioseo_notices":[],"_links":{"self":[{"href":"https:\/\/apimat.ch\/de\/wp-json\/wp\/v2\/product\/19696"}],"collection":[{"href":"https:\/\/apimat.ch\/de\/wp-json\/wp\/v2\/product"}],"about":[{"href":"https:\/\/apimat.ch\/de\/wp-json\/wp\/v2\/types\/product"}],"wp:featuredmedia":[{"embeddable":true,"href":"https:\/\/apimat.ch\/de\/wp-json\/wp\/v2\/media\/19160"}],"wp:attachment":[{"href":"https:\/\/apimat.ch\/de\/wp-json\/wp\/v2\/media?parent=19696"}],"wp:term":[{"taxonomy":"product_cat","embeddable":true,"href":"https:\/\/apimat.ch\/de\/wp-json\/wp\/v2\/product_cat?post=19696"},{"taxonomy":"product_tag","embeddable":true,"href":"https:\/\/apimat.ch\/de\/wp-json\/wp\/v2\/product_tag?post=19696"}],"curies":[{"name":"wp","href":"https:\/\/api.w.org\/{rel}","templated":true}]}}