{"id":19700,"date":"2022-08-24T08:17:16","date_gmt":"2022-09-10T09:12:58","guid":{"rendered":"https:\/\/apimat.ch\/?post_type=product&#038;p=19700"},"modified":"2022-09-10T11:12:59","modified_gmt":"2022-09-10T09:12:59","slug":"honigglas-50-g-oe40-mm-mit-honigglasdeckel-gold","status":"publish","type":"product","link":"https:\/\/apimat.ch\/de\/produit\/honigglas-50-g-oe40-mm-mit-honigglasdeckel-gold\/","title":{"rendered":"Honigglas 50 g \u00d840 mm. mit honigglasdeckel &#8220;Gold&#8221;"},"content":{"rendered":"<p>Honigglas 50 g \u00d840 mm. mit honigglasdeckel &#8220;Gold&#8221;<\/p>\n<p>TECHNISCHE DATEN<\/p>\n<p>&#8211; Fassungsverm\u00f6gen: 50 Gramm Honig<br \/>\n&#8211; Leergewicht mit Verschluss: 63 Gramm<br \/>\n&#8211; Durchmesser des oberen Teils: 34 mm<br \/>\n&#8211; H\u00f6he: 50 mm<\/p>\n<p class=\"p1\"><b>DIE PREISE SIND JE NACH MENGE DEGRESSIV.<\/b><\/p>\n<p class=\"p1\"><b>F\u00fcr weitere Informationen kontaktieren Sie mich bitte.<\/b><\/p>\n<p class=\"p2\"><span class=\"s1\"><a href=\"mailto:info@apimat.ch\"><b>info@apimat.ch<\/b><\/a><\/span><\/p>\n<p class=\"p1\"><b>Telefon: 076 213 80 33<\/b><\/p>\n","protected":false},"excerpt":{"rendered":"<p>Honigglas 50 g \u00d840 mm. mit honigglasdeckel &#8220;Gold&#8221; TECHNISCHE DATEN &#8211; Fassungsverm\u00f6gen: 50 Gramm Honig &#8211; Leergewicht mit Verschluss: 63 Gramm &#8211; Durchmesser des oberen Teils: 34 mm &#8211; H\u00f6he: 50 mm DIE PREISE SIND JE NACH MENGE DEGRESSIV. F\u00fcr weitere Informationen kontaktieren Sie mich bitte. info@apimat.ch Telefon: 076 213 80 33<\/p>\n","protected":false},"featured_media":42175,"template":"","meta":{"_uf_show_specific_survey":0,"_uf_disable_surveys":false},"product_cat":[106],"product_tag":[],"aioseo_notices":[],"_links":{"self":[{"href":"https:\/\/apimat.ch\/de\/wp-json\/wp\/v2\/product\/19700"}],"collection":[{"href":"https:\/\/apimat.ch\/de\/wp-json\/wp\/v2\/product"}],"about":[{"href":"https:\/\/apimat.ch\/de\/wp-json\/wp\/v2\/types\/product"}],"wp:featuredmedia":[{"embeddable":true,"href":"https:\/\/apimat.ch\/de\/wp-json\/wp\/v2\/media\/42175"}],"wp:attachment":[{"href":"https:\/\/apimat.ch\/de\/wp-json\/wp\/v2\/media?parent=19700"}],"wp:term":[{"taxonomy":"product_cat","embeddable":true,"href":"https:\/\/apimat.ch\/de\/wp-json\/wp\/v2\/product_cat?post=19700"},{"taxonomy":"product_tag","embeddable":true,"href":"https:\/\/apimat.ch\/de\/wp-json\/wp\/v2\/product_tag?post=19700"}],"curies":[{"name":"wp","href":"https:\/\/api.w.org\/{rel}","templated":true}]}}