{"id":19703,"date":"2022-08-24T08:30:21","date_gmt":"2022-09-10T09:15:33","guid":{"rendered":"https:\/\/apimat.ch\/?post_type=product&#038;p=19703"},"modified":"2023-07-29T12:13:05","modified_gmt":"2023-07-29T10:13:05","slug":"honigglas-125-g-oe48-mm-packung-mit-48-stueck","status":"publish","type":"product","link":"https:\/\/apimat.ch\/de\/produit\/honigglas-125-g-oe48-mm-packung-mit-48-stueck\/","title":{"rendered":"Honigglas 125 g \u00d848 mm. hohe Version 7,5cm.  (Packung mit 40 St\u00fcck)"},"content":{"rendered":"<p>Honigglas 125 g \u00d848 mm. hohe Version 7,5cm. (Packung mit 40 St\u00fcck)<\/p>\n<p>Die Glasgef\u00e4\u00dfe werden ohne Deckel verkauft und sind bereits sterilisiert. Die Gr\u00f6\u00dfe des Deckels, der auf den Topf passt, betr\u00e4gt 48mm ( TO48).<\/p>\n<p class=\"p1\"><b>DIE PREISE SIND JE NACH MENGE DEGRESSIV.<\/b><\/p>\n<p class=\"p1\"><b>F\u00fcr weitere Informationen kontaktieren Sie mich bitte.<\/b><\/p>\n<p class=\"p2\"><span class=\"s1\"><a href=\"mailto:info@apimat.ch\"><b>info@apimat.ch<\/b><\/a><\/span><\/p>\n<p class=\"p1\"><b>Telefon: 076 213 80 33<\/b><\/p>\n","protected":false},"excerpt":{"rendered":"<p>Honigglas 125 g \u00d848 mm. hohe Version 7,5cm. (Packung mit 40 St\u00fcck) Die Glasgef\u00e4\u00dfe werden ohne Deckel verkauft und sind bereits sterilisiert. Die Gr\u00f6\u00dfe des Deckels, der auf den Topf passt, betr\u00e4gt 48mm ( TO48). DIE PREISE SIND JE NACH MENGE DEGRESSIV. F\u00fcr weitere Informationen kontaktieren Sie mich bitte. info@apimat.ch Telefon: 076 213 80 33<\/p>\n","protected":false},"featured_media":42171,"template":"","meta":{"_uf_show_specific_survey":0,"_uf_disable_surveys":false},"product_cat":[106],"product_tag":[],"aioseo_notices":[],"_links":{"self":[{"href":"https:\/\/apimat.ch\/de\/wp-json\/wp\/v2\/product\/19703"}],"collection":[{"href":"https:\/\/apimat.ch\/de\/wp-json\/wp\/v2\/product"}],"about":[{"href":"https:\/\/apimat.ch\/de\/wp-json\/wp\/v2\/types\/product"}],"wp:featuredmedia":[{"embeddable":true,"href":"https:\/\/apimat.ch\/de\/wp-json\/wp\/v2\/media\/42171"}],"wp:attachment":[{"href":"https:\/\/apimat.ch\/de\/wp-json\/wp\/v2\/media?parent=19703"}],"wp:term":[{"taxonomy":"product_cat","embeddable":true,"href":"https:\/\/apimat.ch\/de\/wp-json\/wp\/v2\/product_cat?post=19703"},{"taxonomy":"product_tag","embeddable":true,"href":"https:\/\/apimat.ch\/de\/wp-json\/wp\/v2\/product_tag?post=19703"}],"curies":[{"name":"wp","href":"https:\/\/api.w.org\/{rel}","templated":true}]}}