{"id":19709,"date":"2022-08-24T08:50:26","date_gmt":"2022-09-10T09:25:39","guid":{"rendered":"https:\/\/apimat.ch\/?post_type=product&#038;p=19709"},"modified":"2022-09-10T11:25:40","modified_gmt":"2022-09-10T09:25:40","slug":"kleiner-mobiler-staender-fuer-die-entdeckelungsmaschine-dv2","status":"publish","type":"product","link":"https:\/\/apimat.ch\/de\/produit\/kleiner-mobiler-staender-fuer-die-entdeckelungsmaschine-dv2\/","title":{"rendered":"Kleiner mobiler St\u00e4nder f\u00fcr die Entdeckelungsmaschine DV2"},"content":{"rendered":"<p>Kleiner mobiler St\u00e4nder f\u00fcr die Entdeckelungsmaschine DV2<\/p>\n<p>Halterung f\u00fcr die Entdeckelungsmaschine DV2 aus rostfreiem Stahl AISI 304.<\/p>\n<p>Dank der Halterung ist es m\u00f6glich, die DV2 Entdeckelungsmaschine mit Deckelpresse auszustatten oder sie mit dem automatischen Wabensammler zu kombinieren (die Maschine ist so konzipiert, dass sie auf speziellen Beh\u00e4ltertr\u00e4gern platziert werden kann).<\/p>\n<p>Auf den Fotos k\u00f6nnen Sie die m\u00f6glichen Konfigurationen der Deckelentfernungsmaschine und die verschiedenen Halterungen sehen.<\/p>\n<p>Die Kiemendeckel werden gesammelt und mithilfe der Kiemendeckelpresse oder des Honigwachsabscheiders, der unter der Halterung positioniert werden kann, verarbeitet.<\/p>\n<p>Der aus stabilem, lebensmittelechtem Edelstahl gefertigte St\u00e4nder ist langlebig, leicht zu reinigen, h\u00f6henverstellbar und mit Rollen ausgestattet, sodass er sich innerhalb des Labors leicht bewegen l\u00e4sst.<\/p>\n<p>HAUPTVORTEILE<\/p>\n<p>Solide und langlebig<br \/>\nLeicht zu bewegen<br \/>\nLeicht zu reinigen<br \/>\nHergestellt in Italien<\/p>\n<p>TECHNISCHE SPEZIFIKATIONEN<\/p>\n<p>Material: Edelstahl in Lebensmittelqualit\u00e4t<br \/>\nAbmessungen: 750x690x1041 mm.<br \/>\nGeeignete Entdeckelungsmaschine: 4350<br \/>\nR\u00e4der: inbegriffen<\/p>\n<p class=\"p1\"><b>DIE PREISE SIND JE NACH MENGE DEGRESSIV.<\/b><\/p>\n<p class=\"p1\"><b>F\u00fcr weitere Informationen kontaktieren Sie mich bitte.<\/b><\/p>\n<p class=\"p2\"><span class=\"s1\"><a href=\"mailto:info@apimat.ch\"><b>info@apimat.ch<\/b><\/a><\/span><\/p>\n<p class=\"p1\"><b>Telefon: 076 213 80 33<\/b><\/p>\n","protected":false},"excerpt":{"rendered":"<p>Kleiner mobiler St\u00e4nder f\u00fcr die Entdeckelungsmaschine DV2 Halterung f\u00fcr die Entdeckelungsmaschine DV2 aus rostfreiem Stahl AISI 304. Dank der Halterung ist es m\u00f6glich, die DV2 Entdeckelungsmaschine mit Deckelpresse auszustatten oder sie mit dem automatischen Wabensammler zu kombinieren (die Maschine ist so konzipiert, dass sie auf speziellen Beh\u00e4ltertr\u00e4gern platziert werden kann). Auf den Fotos k\u00f6nnen Sie [&hellip;]<\/p>\n","protected":false},"featured_media":19172,"template":"","meta":{"_uf_show_specific_survey":0,"_uf_disable_surveys":false},"product_cat":[1120,128],"product_tag":[],"aioseo_notices":[],"_links":{"self":[{"href":"https:\/\/apimat.ch\/de\/wp-json\/wp\/v2\/product\/19709"}],"collection":[{"href":"https:\/\/apimat.ch\/de\/wp-json\/wp\/v2\/product"}],"about":[{"href":"https:\/\/apimat.ch\/de\/wp-json\/wp\/v2\/types\/product"}],"wp:featuredmedia":[{"embeddable":true,"href":"https:\/\/apimat.ch\/de\/wp-json\/wp\/v2\/media\/19172"}],"wp:attachment":[{"href":"https:\/\/apimat.ch\/de\/wp-json\/wp\/v2\/media?parent=19709"}],"wp:term":[{"taxonomy":"product_cat","embeddable":true,"href":"https:\/\/apimat.ch\/de\/wp-json\/wp\/v2\/product_cat?post=19709"},{"taxonomy":"product_tag","embeddable":true,"href":"https:\/\/apimat.ch\/de\/wp-json\/wp\/v2\/product_tag?post=19709"}],"curies":[{"name":"wp","href":"https:\/\/api.w.org\/{rel}","templated":true}]}}