{"id":19715,"date":"2022-08-25T10:06:08","date_gmt":"2022-09-10T09:33:02","guid":{"rendered":"https:\/\/apimat.ch\/?post_type=product&#038;p=19715"},"modified":"2022-09-10T11:33:02","modified_gmt":"2022-09-10T09:33:02","slug":"manuell-wabenabzieher-wagen-und-honigraumbefreien","status":"publish","type":"product","link":"https:\/\/apimat.ch\/de\/produit\/manuell-wabenabzieher-wagen-und-honigraumbefreien\/","title":{"rendered":"Manuell Wabenabzieher Wagen und Honigraumbefreien"},"content":{"rendered":"<p>Beh\u00e4lter aus AISI 304-Edelstahl, in den Sie die Tracht mit den zu entdeckelnden R\u00e4hmchen stellen k\u00f6nnen.<\/p>\n<p>Die auf der linken Seite positionierten F\u00fchrungen umschlie\u00dfen den Trichter, was entscheidend ist, um zu verhindern, dass Honig verloren geht, w\u00e4hrend Sie auf die Verarbeitung der Stockrahmen warten. Der tropfende Honig landet in der Kunststoffwanne, wo er am Ende des Vorgangs bequem gesammelt werden kann.<\/p>\n<p>Auf der rechten Seite finden wir eine Stahlschale mit erhabenen Platten (ebenfalls aus Stahl), die es Ihnen bei entsprechendem Druck des Bedieners auf die Tracht erm\u00f6glicht, die Stockrahmen schnell und bequem abzul\u00f6sen.<\/p>\n<p>Die Wanne ist mit Schwenkr\u00e4dern ausgestattet, sodass sie leicht bewegt werden kann, und die R\u00e4der haben ein Sicherheitsverriegelungssystem f\u00fcr zus\u00e4tzliche Stabilit\u00e4t.<\/p>\n<p>Dieser vielseitige Wagen kann mit jeder Art von Entdeckelungsmaschine kombiniert werden, da es so einfach ist, die Augmentationsrahmen zu bergen.<\/p>\n<p>HAUPTVORTEILE<\/p>\n<p>&#8211; Lebensmitteltauglicher Edelstahl f\u00fcr den professionellen Einsatz.<br \/>\n&#8211; Made In Italy<br \/>\n&#8211; Schneller Betrieb<br \/>\n&#8211; Leicht zu bewegen<br \/>\n&#8211; Stabilit\u00e4t w\u00e4hrend der Verarbeitung<br \/>\n&#8211; Leichte Reinigung<br \/>\n&#8211; Vollst\u00e4ndige R\u00fcckgewinnung des Honigs<br \/>\n&#8211; Mit allen Entdeckelungsmaschinen zu kombinieren.<\/p>\n<p>TECHNISCHE EIGENSCHAFTEN<\/p>\n<p>&#8211; Abmessungen 1105x475x881 mm<br \/>\n&#8211; Maximale H\u00f6he 983 mm<br \/>\n&#8211; Hergestellt aus rostfreiem Stahl AISI 304<br \/>\n&#8211; Wanne aus Polyethylen 600x400x170 mm<br \/>\n&#8211; Wanne aus Polyethylen Kapazit\u00e4t 34 lt.<br \/>\n&#8211; Version f\u00fcr Dadant und Langstroth<\/p>\n<p>&nbsp;<\/p>\n<p class=\"p2\"><b>DIE PREISE SIND JE NACH MENGE DEGRESSIV.<\/b><\/p>\n<p class=\"p2\"><b>F\u00fcr weitere Informationen kontaktieren Sie mich bitte.<\/b><\/p>\n<p class=\"p3\"><span class=\"s1\"><a href=\"mailto:info@apimat.ch\"><b>info@apimat.ch<\/b><\/a><\/span><\/p>\n<p class=\"p2\"><b>Telefon: 076 213 80 33<\/b><\/p>\n","protected":false},"excerpt":{"rendered":"<p>Beh\u00e4lter aus AISI 304-Edelstahl, in den Sie die Tracht mit den zu entdeckelnden R\u00e4hmchen stellen k\u00f6nnen. Die auf der linken Seite positionierten F\u00fchrungen umschlie\u00dfen den Trichter, was entscheidend ist, um zu verhindern, dass Honig verloren geht, w\u00e4hrend Sie auf die Verarbeitung der Stockrahmen warten. Der tropfende Honig landet in der Kunststoffwanne, wo er am Ende [&hellip;]<\/p>\n","protected":false},"featured_media":19198,"template":"","meta":{"_uf_show_specific_survey":0,"_uf_disable_surveys":false},"product_cat":[1120,128],"product_tag":[],"aioseo_notices":[],"_links":{"self":[{"href":"https:\/\/apimat.ch\/de\/wp-json\/wp\/v2\/product\/19715"}],"collection":[{"href":"https:\/\/apimat.ch\/de\/wp-json\/wp\/v2\/product"}],"about":[{"href":"https:\/\/apimat.ch\/de\/wp-json\/wp\/v2\/types\/product"}],"wp:featuredmedia":[{"embeddable":true,"href":"https:\/\/apimat.ch\/de\/wp-json\/wp\/v2\/media\/19198"}],"wp:attachment":[{"href":"https:\/\/apimat.ch\/de\/wp-json\/wp\/v2\/media?parent=19715"}],"wp:term":[{"taxonomy":"product_cat","embeddable":true,"href":"https:\/\/apimat.ch\/de\/wp-json\/wp\/v2\/product_cat?post=19715"},{"taxonomy":"product_tag","embeddable":true,"href":"https:\/\/apimat.ch\/de\/wp-json\/wp\/v2\/product_tag?post=19715"}],"curies":[{"name":"wp","href":"https:\/\/api.w.org\/{rel}","templated":true}]}}