{"id":19729,"date":"2022-08-25T11:15:55","date_gmt":"2022-09-10T09:50:00","guid":{"rendered":"https:\/\/apimat.ch\/?post_type=product&#038;p=19729"},"modified":"2022-09-10T11:50:00","modified_gmt":"2022-09-10T09:50:00","slug":"runder-plastikeimer-in-lebensmittelqualitaet-mit-einem-fassungsvermoegen-von-5-kg","status":"publish","type":"product","link":"https:\/\/apimat.ch\/de\/produit\/runder-plastikeimer-in-lebensmittelqualitaet-mit-einem-fassungsvermoegen-von-5-kg\/","title":{"rendered":"Runder Plastikeimer in Lebensmittelqualit\u00e4t mit einem Fassungsverm\u00f6gen von 5 kg"},"content":{"rendered":"<p>Runder Plastikeimer in Lebensmittelqualit\u00e4t mit einem Fassungsverm\u00f6gen von 5 kg<\/p>\n<p>Ausgestattet mit einem Druckdeckel mit Sicherheitskragen.<\/p>\n<p class=\"p1\"><b>DIE PREISE SIND JE NACH MENGE DEGRESSIV.<\/b><\/p>\n<p class=\"p1\"><b>F\u00fcr weitere Informationen kontaktieren Sie mich bitte.<\/b><\/p>\n<p class=\"p2\"><span class=\"s1\"><a href=\"mailto:info@apimat.ch\"><b>info@apimat.ch<\/b><\/a><\/span><\/p>\n<p class=\"p1\"><b>Telefon: 076 213 80 33<\/b><\/p>\n","protected":false},"excerpt":{"rendered":"<p>Runder Plastikeimer in Lebensmittelqualit\u00e4t mit einem Fassungsverm\u00f6gen von 5 kg Ausgestattet mit einem Druckdeckel mit Sicherheitskragen. DIE PREISE SIND JE NACH MENGE DEGRESSIV. F\u00fcr weitere Informationen kontaktieren Sie mich bitte. info@apimat.ch Telefon: 076 213 80 33<\/p>\n","protected":false},"featured_media":19220,"template":"","meta":{"_uf_show_specific_survey":0,"_uf_disable_surveys":false},"product_cat":[108],"product_tag":[],"aioseo_notices":[],"_links":{"self":[{"href":"https:\/\/apimat.ch\/de\/wp-json\/wp\/v2\/product\/19729"}],"collection":[{"href":"https:\/\/apimat.ch\/de\/wp-json\/wp\/v2\/product"}],"about":[{"href":"https:\/\/apimat.ch\/de\/wp-json\/wp\/v2\/types\/product"}],"wp:featuredmedia":[{"embeddable":true,"href":"https:\/\/apimat.ch\/de\/wp-json\/wp\/v2\/media\/19220"}],"wp:attachment":[{"href":"https:\/\/apimat.ch\/de\/wp-json\/wp\/v2\/media?parent=19729"}],"wp:term":[{"taxonomy":"product_cat","embeddable":true,"href":"https:\/\/apimat.ch\/de\/wp-json\/wp\/v2\/product_cat?post=19729"},{"taxonomy":"product_tag","embeddable":true,"href":"https:\/\/apimat.ch\/de\/wp-json\/wp\/v2\/product_tag?post=19729"}],"curies":[{"name":"wp","href":"https:\/\/api.w.org\/{rel}","templated":true}]}}