{"id":19735,"date":"2022-08-25T11:32:01","date_gmt":"2022-09-10T09:55:07","guid":{"rendered":"https:\/\/apimat.ch\/?post_type=product&#038;p=19735"},"modified":"2025-05-31T14:06:39","modified_gmt":"2025-05-31T12:06:39","slug":"api-lavande-lavendelbrennstoff-fuer-enfumoirs-25kg","status":"publish","type":"product","link":"https:\/\/apimat.ch\/de\/produit\/api-lavande-lavendelbrennstoff-fuer-enfumoirs-25kg\/","title":{"rendered":"Api Lavande Lavendelbrennstoff f\u00fcr Enfumoirs &#8211; von 3 bis 25 kg"},"content":{"rendered":"<p>&#8220;Api Lavande&#8221; Lavendelbrennstoff f\u00fcr Enfumoirs &#8211; von 3 bis 25 kg<\/p>\n<p>Vollst\u00e4ndig pflanzlich und durch die Verarbeitung der Lavendelpflanze in Granulatform hergestellt.<\/p>\n<p>Seine Formulierung erm\u00f6glicht einen kalten Rauch, der die Bienen beim Besuch des Bienenhauses weniger st\u00f6rt. Im Gegensatz zu Pappe oder anderen Brennstoffen wird der erzeugte Rauch nicht nur von den Bienen, sondern auch von den Imkern besser vertragen.<\/p>\n<p>Api Lavande wird aus franz\u00f6sischem Lavendelstroh hergestellt und ist ein rein pflanzliches und nat\u00fcrliches Produkt.<\/p>\n<p>Ein gesunder und langanhaltender Rauch dank seiner Formel, eine langsame Verbrennung, um den Raucher stundenlang nutzen zu k\u00f6nnen, sind die Hauptvorteile dieses Produkts.<\/p>\n<p class=\"p1\"><b>DIE PREISE SIND JE NACH MENGE DEGRESSIV.<\/b><\/p>\n<p class=\"p1\"><b>F\u00fcr weitere Informationen kontaktieren Sie mich bitte.<\/b><\/p>\n<p class=\"p2\"><span class=\"s1\"><a href=\"mailto:info@apimat.ch\"><b>info@apimat.ch<\/b><\/a><\/span><\/p>\n<p class=\"p1\"><b>Telefon: 076 213 80 33<\/b><\/p>\n","protected":false},"excerpt":{"rendered":"<p>&#8220;Api Lavande&#8221; Lavendelbrennstoff f\u00fcr Enfumoirs &#8211; von 3 bis 25 kg Vollst\u00e4ndig pflanzlich und durch die Verarbeitung der Lavendelpflanze in Granulatform hergestellt. Seine Formulierung erm\u00f6glicht einen kalten Rauch, der die Bienen beim Besuch des Bienenhauses weniger st\u00f6rt. Im Gegensatz zu Pappe oder anderen Brennstoffen wird der erzeugte Rauch nicht nur von den Bienen, sondern auch [&hellip;]<\/p>\n","protected":false},"featured_media":19225,"template":"","meta":{"_uf_show_specific_survey":0,"_uf_disable_surveys":false},"product_cat":[98],"product_tag":[],"aioseo_notices":[],"_links":{"self":[{"href":"https:\/\/apimat.ch\/de\/wp-json\/wp\/v2\/product\/19735"}],"collection":[{"href":"https:\/\/apimat.ch\/de\/wp-json\/wp\/v2\/product"}],"about":[{"href":"https:\/\/apimat.ch\/de\/wp-json\/wp\/v2\/types\/product"}],"wp:featuredmedia":[{"embeddable":true,"href":"https:\/\/apimat.ch\/de\/wp-json\/wp\/v2\/media\/19225"}],"wp:attachment":[{"href":"https:\/\/apimat.ch\/de\/wp-json\/wp\/v2\/media?parent=19735"}],"wp:term":[{"taxonomy":"product_cat","embeddable":true,"href":"https:\/\/apimat.ch\/de\/wp-json\/wp\/v2\/product_cat?post=19735"},{"taxonomy":"product_tag","embeddable":true,"href":"https:\/\/apimat.ch\/de\/wp-json\/wp\/v2\/product_tag?post=19735"}],"curies":[{"name":"wp","href":"https:\/\/api.w.org\/{rel}","templated":true}]}}