{"id":19739,"date":"2022-08-25T12:08:13","date_gmt":"2022-09-10T10:06:16","guid":{"rendered":"https:\/\/apimat.ch\/?post_type=product&#038;p=19739"},"modified":"2022-11-12T19:32:01","modified_gmt":"2022-11-12T18:32:01","slug":"multimel-homogenisierender-honigmischer-fuer-abfuellkessel-100-kg-bis-500-kg-marke-thomas","status":"publish","type":"product","link":"https:\/\/apimat.ch\/de\/produit\/multimel-homogenisierender-honigmischer-fuer-abfuellkessel-100-kg-bis-500-kg-marke-thomas\/","title":{"rendered":"Multimel homogenisierender Honigmischer f\u00fcr Abf\u00fcllkessel 100 kg bis 500 kg &#8211; Marke Thomas"},"content":{"rendered":"<p>Multimel homogenisierender Honigmischer f\u00fcr Abf\u00fcllkessel 100 kg bis 500 kg &#8211; Marke Thomas<\/p>\n<p>mit Sicherheitsvorrichtung.<\/p>\n<p>das Datenblatt herunterladen =&gt; <a href=\"https:\/\/apimat.ch\/wp-content\/uploads\/2022\/08\/Me\u0301langeur.pdf\">Me\u0301langeur<\/a><\/p>\n<p>Hier sind die Ma\u00dfe dieser Mischer:<\/p>\n<p>100kg 675X344mm<br \/>\n200kg 810X430mm<br \/>\n350kg 910X560mm<br \/>\n500kg 1120X560mm<br \/>\nMischer f\u00fcr F\u00e4sser300kg 880X530mm<\/p>\n<p class=\"p1\"><b>DIE PREISE SIND JE NACH MENGE DEGRESSIV.<\/b><\/p>\n<p class=\"p1\"><b>F\u00fcr weitere Informationen kontaktieren Sie mich bitte.<\/b><\/p>\n<p class=\"p2\"><span class=\"s1\"><a href=\"mailto:info@apimat.ch\"><b>info@apimat.ch<\/b><\/a><\/span><\/p>\n<p class=\"p1\"><b>Telefon: 076 213 80 33<\/b><\/p>\n","protected":false},"excerpt":{"rendered":"<p>Multimel homogenisierender Honigmischer f\u00fcr Abf\u00fcllkessel 100 kg bis 500 kg &#8211; Marke Thomas mit Sicherheitsvorrichtung. das Datenblatt herunterladen =&gt; Me\u0301langeur Hier sind die Ma\u00dfe dieser Mischer: 100kg 675X344mm 200kg 810X430mm 350kg 910X560mm 500kg 1120X560mm Mischer f\u00fcr F\u00e4sser300kg 880X530mm DIE PREISE SIND JE NACH MENGE DEGRESSIV. F\u00fcr weitere Informationen kontaktieren Sie mich bitte. info@apimat.ch Telefon: 076 [&hellip;]<\/p>\n","protected":false},"featured_media":19236,"template":"","meta":{"_uf_show_specific_survey":0,"_uf_disable_surveys":false},"product_cat":[128],"product_tag":[],"aioseo_notices":[],"_links":{"self":[{"href":"https:\/\/apimat.ch\/de\/wp-json\/wp\/v2\/product\/19739"}],"collection":[{"href":"https:\/\/apimat.ch\/de\/wp-json\/wp\/v2\/product"}],"about":[{"href":"https:\/\/apimat.ch\/de\/wp-json\/wp\/v2\/types\/product"}],"wp:featuredmedia":[{"embeddable":true,"href":"https:\/\/apimat.ch\/de\/wp-json\/wp\/v2\/media\/19236"}],"wp:attachment":[{"href":"https:\/\/apimat.ch\/de\/wp-json\/wp\/v2\/media?parent=19739"}],"wp:term":[{"taxonomy":"product_cat","embeddable":true,"href":"https:\/\/apimat.ch\/de\/wp-json\/wp\/v2\/product_cat?post=19739"},{"taxonomy":"product_tag","embeddable":true,"href":"https:\/\/apimat.ch\/de\/wp-json\/wp\/v2\/product_tag?post=19739"}],"curies":[{"name":"wp","href":"https:\/\/api.w.org\/{rel}","templated":true}]}}