{"id":19742,"date":"2022-08-25T12:47:00","date_gmt":"2022-09-10T10:10:40","guid":{"rendered":"https:\/\/apimat.ch\/?post_type=product&#038;p=19742"},"modified":"2026-04-11T14:18:37","modified_gmt":"2026-04-11T12:18:37","slug":"wabenfolie-aus-lebensmittelechtem-kunststoff-schwarz-dadant","status":"publish","type":"product","link":"https:\/\/apimat.ch\/de\/produit\/wabenfolie-aus-lebensmittelechtem-kunststoff-schwarz-dadant\/","title":{"rendered":"Wabenfolie aus lebensmittelechtem Kunststoff schwarz Dadant"},"content":{"rendered":"<p>Wabenfolie aus lebensmittelechtem Kunststoff schwarz Dadant<\/p>\n<p>Diese Folie aus lebensmittelechtem Kunststoff* wird in einen Dadant-Rahmen aus gerilltem Holz geschoben. Diese Folien sind anstelle von Wachs zu verwenden, sodass Sie sich nicht mehr um die F\u00e4den k\u00fcmmern m\u00fcssen. Sie sind stabiler und lassen sich auch bei hohen Temperaturen reinigen.<\/p>\n<p>Es ist sehr n\u00fctzlich, diese Art von Bl\u00e4ttern f\u00fcr die K\u00f6niginnenzucht zu haben, denn durch die Schw\u00e4rzung der Bl\u00e4tter k\u00f6nnen Sie die Larven besser sehen und somit das Picking (oder Pfropfen) erleichtern.<\/p>\n<p>Diese wiederverwendbaren Bl\u00e4tter sind resistent gegen die Wachsmotte und den kleinen Bienenstockk\u00e4fer (Aethina Tumida) und helfen Ihnen, Geld zu sparen!<\/p>\n<p>*Dieses Produkt ist f\u00fcr seine Lebensmittelvertr\u00e4glichkeit zertifiziert und frei von jeglichen bienengiftigen R\u00fcckst\u00e4nden.<\/p>\n<p>Abmessungen:<br \/>\n413 mm x 281 mm,<br \/>\nDie Bl\u00e4tter sind 5 mm dick und die Zellen sind auf eine Dicke von 2 mm vorgestreckt.<br \/>\nGewicht 300 g.<br \/>\n780Zellen\/dm\u00b2<\/p>\n<p class=\"p1\"><b>DIE PREISE SIND JE NACH MENGE DEGRESSIV.<\/b><\/p>\n<p class=\"p1\"><b>F\u00fcr weitere Informationen kontaktieren Sie mich bitte.<\/b><\/p>\n<p class=\"p2\"><span class=\"s1\"><a href=\"mailto:info@apimat.ch\"><b>info@apimat.ch<\/b><\/a><\/span><\/p>\n<p class=\"p1\"><b>Telefon: 076 213 80 33<\/b><\/p>\n","protected":false},"excerpt":{"rendered":"<p>Wabenfolie aus lebensmittelechtem Kunststoff schwarz Dadant Diese Folie aus lebensmittelechtem Kunststoff* wird in einen Dadant-Rahmen aus gerilltem Holz geschoben. Diese Folien sind anstelle von Wachs zu verwenden, sodass Sie sich nicht mehr um die F\u00e4den k\u00fcmmern m\u00fcssen. Sie sind stabiler und lassen sich auch bei hohen Temperaturen reinigen. Es ist sehr n\u00fctzlich, diese Art von [&hellip;]<\/p>\n","protected":false},"featured_media":19245,"template":"","meta":{"_uf_show_specific_survey":0,"_uf_disable_surveys":false},"product_cat":[271,95],"product_tag":[],"aioseo_notices":[],"_links":{"self":[{"href":"https:\/\/apimat.ch\/de\/wp-json\/wp\/v2\/product\/19742"}],"collection":[{"href":"https:\/\/apimat.ch\/de\/wp-json\/wp\/v2\/product"}],"about":[{"href":"https:\/\/apimat.ch\/de\/wp-json\/wp\/v2\/types\/product"}],"wp:featuredmedia":[{"embeddable":true,"href":"https:\/\/apimat.ch\/de\/wp-json\/wp\/v2\/media\/19245"}],"wp:attachment":[{"href":"https:\/\/apimat.ch\/de\/wp-json\/wp\/v2\/media?parent=19742"}],"wp:term":[{"taxonomy":"product_cat","embeddable":true,"href":"https:\/\/apimat.ch\/de\/wp-json\/wp\/v2\/product_cat?post=19742"},{"taxonomy":"product_tag","embeddable":true,"href":"https:\/\/apimat.ch\/de\/wp-json\/wp\/v2\/product_tag?post=19742"}],"curies":[{"name":"wp","href":"https:\/\/api.w.org\/{rel}","templated":true}]}}