{"id":19756,"date":"2022-08-25T13:25:12","date_gmt":"2022-09-10T10:19:11","guid":{"rendered":"https:\/\/apimat.ch\/?post_type=product&#038;p=19756"},"modified":"2022-09-10T12:19:11","modified_gmt":"2022-09-10T10:19:11","slug":"praktische-schwarmkasten","status":"publish","type":"product","link":"https:\/\/apimat.ch\/de\/produit\/praktische-schwarmkasten\/","title":{"rendered":"Praktische Schwarmkasten"},"content":{"rendered":"<p>Praktische Schwarmkasten<\/p>\n<p>Der Deckel ist abnehmbar. Erm\u00f6glicht den direkten Transfer in einen Bienenstock (der Schwarm h\u00e4ngt am Deckel).<\/p>\n<p class=\"p1\"><b>DIE PREISE SIND JE NACH MENGE DEGRESSIV.<\/b><\/p>\n<p class=\"p1\"><b>F\u00fcr weitere Informationen kontaktieren Sie mich bitte.<\/b><\/p>\n<p class=\"p2\"><span class=\"s1\"><a href=\"mailto:info@apimat.ch\"><b>info@apimat.ch<\/b><\/a><\/span><\/p>\n<p class=\"p1\"><b>Telefon: 076 213 80 33<\/b><\/p>\n","protected":false},"excerpt":{"rendered":"<p>Praktische Schwarmkasten Der Deckel ist abnehmbar. Erm\u00f6glicht den direkten Transfer in einen Bienenstock (der Schwarm h\u00e4ngt am Deckel). DIE PREISE SIND JE NACH MENGE DEGRESSIV. F\u00fcr weitere Informationen kontaktieren Sie mich bitte. info@apimat.ch Telefon: 076 213 80 33<\/p>\n","protected":false},"featured_media":19500,"template":"","meta":{"_uf_show_specific_survey":0,"_uf_disable_surveys":false},"product_cat":[101,1060],"product_tag":[],"aioseo_notices":[],"_links":{"self":[{"href":"https:\/\/apimat.ch\/de\/wp-json\/wp\/v2\/product\/19756"}],"collection":[{"href":"https:\/\/apimat.ch\/de\/wp-json\/wp\/v2\/product"}],"about":[{"href":"https:\/\/apimat.ch\/de\/wp-json\/wp\/v2\/types\/product"}],"wp:featuredmedia":[{"embeddable":true,"href":"https:\/\/apimat.ch\/de\/wp-json\/wp\/v2\/media\/19500"}],"wp:attachment":[{"href":"https:\/\/apimat.ch\/de\/wp-json\/wp\/v2\/media?parent=19756"}],"wp:term":[{"taxonomy":"product_cat","embeddable":true,"href":"https:\/\/apimat.ch\/de\/wp-json\/wp\/v2\/product_cat?post=19756"},{"taxonomy":"product_tag","embeddable":true,"href":"https:\/\/apimat.ch\/de\/wp-json\/wp\/v2\/product_tag?post=19756"}],"curies":[{"name":"wp","href":"https:\/\/api.w.org\/{rel}","templated":true}]}}