{"id":19768,"date":"2022-08-25T13:35:48","date_gmt":"2022-09-10T10:31:14","guid":{"rendered":"https:\/\/apimat.ch\/?post_type=product&#038;p=19768"},"modified":"2022-09-10T12:31:14","modified_gmt":"2022-09-10T10:31:14","slug":"honigru%cc%88hr-und-mischgeraet-fritz-mit-ruehrpropeller-oe-100-mm","status":"publish","type":"product","link":"https:\/\/apimat.ch\/de\/produit\/honigru%cc%88hr-und-mischgeraet-fritz-mit-ruehrpropeller-oe-100-mm\/","title":{"rendered":"Honigru\u0308hr und Mischger\u00e4t Fritz mit R\u00fchrpropeller \u00d8 100 mm."},"content":{"rendered":"<p>Honigru\u0308hr und Mischger\u00e4t Fritz mit R\u00fchrpropeller \u00d8 100 mm.<\/p>\n<p>Leistung: 370W \/ 230V Getriebemotor mit drehbarem Beh\u00e4lterhalter und h\u00f6henverstellbarem Stativ.\u00a0Ca. 70 U\/min und Spannfutter zur Aufnahme aller handels\u00fcblichen R\u00fchrst\u00e4be, geliefert mit R\u00fchrpropeller \u00d8 100 mm.<\/p>\n<p class=\"p1\"><b>DIE PREISE SIND JE NACH MENGE DEGRESSIV.<\/b><\/p>\n<p class=\"p1\"><b>F\u00fcr weitere Informationen kontaktieren Sie mich bitte.<\/b><\/p>\n<p class=\"p2\"><span class=\"s1\"><a href=\"mailto:info@apimat.ch\"><b>info@apimat.ch<\/b><\/a><\/span><\/p>\n<p class=\"p1\"><b>Telefon: 076 213 80 33<\/b><\/p>\n","protected":false},"excerpt":{"rendered":"<p>Honigru\u0308hr und Mischger\u00e4t Fritz mit R\u00fchrpropeller \u00d8 100 mm. Leistung: 370W \/ 230V Getriebemotor mit drehbarem Beh\u00e4lterhalter und h\u00f6henverstellbarem Stativ.\u00a0Ca. 70 U\/min und Spannfutter zur Aufnahme aller handels\u00fcblichen R\u00fchrst\u00e4be, geliefert mit R\u00fchrpropeller \u00d8 100 mm. DIE PREISE SIND JE NACH MENGE DEGRESSIV. F\u00fcr weitere Informationen kontaktieren Sie mich bitte. info@apimat.ch Telefon: 076 213 80 33<\/p>\n","protected":false},"featured_media":19278,"template":"","meta":{"_uf_show_specific_survey":0,"_uf_disable_surveys":false},"product_cat":[128],"product_tag":[],"aioseo_notices":[],"_links":{"self":[{"href":"https:\/\/apimat.ch\/de\/wp-json\/wp\/v2\/product\/19768"}],"collection":[{"href":"https:\/\/apimat.ch\/de\/wp-json\/wp\/v2\/product"}],"about":[{"href":"https:\/\/apimat.ch\/de\/wp-json\/wp\/v2\/types\/product"}],"wp:featuredmedia":[{"embeddable":true,"href":"https:\/\/apimat.ch\/de\/wp-json\/wp\/v2\/media\/19278"}],"wp:attachment":[{"href":"https:\/\/apimat.ch\/de\/wp-json\/wp\/v2\/media?parent=19768"}],"wp:term":[{"taxonomy":"product_cat","embeddable":true,"href":"https:\/\/apimat.ch\/de\/wp-json\/wp\/v2\/product_cat?post=19768"},{"taxonomy":"product_tag","embeddable":true,"href":"https:\/\/apimat.ch\/de\/wp-json\/wp\/v2\/product_tag?post=19768"}],"curies":[{"name":"wp","href":"https:\/\/api.w.org\/{rel}","templated":true}]}}