{"id":19775,"date":"2022-08-25T17:54:00","date_gmt":"2022-09-10T10:40:14","guid":{"rendered":"https:\/\/apimat.ch\/?post_type=product&#038;p=19775"},"modified":"2022-09-10T12:40:14","modified_gmt":"2022-09-10T10:40:14","slug":"elektrische-heizdecke-fuer-300-kg-faesser-thermomel","status":"publish","type":"product","link":"https:\/\/apimat.ch\/de\/produit\/elektrische-heizdecke-fuer-300-kg-faesser-thermomel\/","title":{"rendered":"Elektrische Heizdecke f\u00fcr 300-kg-F\u00e4sser &#8211; Thermomel"},"content":{"rendered":"<p>Thermomel Heizdecke: sehr wirtschaftlich und sehr niedriger Stromverbrauch!<\/p>\n<p>Es handelt sich um eine Heizdecke mit geregelter Temperatur, die es erm\u00f6glicht, ein 300-kg-Fass Honig in 24\/48 Stunden zu entkristallisieren. Die Erw\u00e4rmung erfolgt gleichm\u00e4\u00dfig, ohne direkten Kontakt und ohne hei\u00dfe Stellen.<\/p>\n<p>Es besteht keine Gefahr der \u00dcberhitzung. Temperatur von 30 bis 90 \u00b0C einstellbar.<\/p>\n<p>Einhaltung der CE-Norm, Klasse 2.<\/p>\n<p class=\"p1\"><b>DIE PREISE SIND JE NACH MENGE DEGRESSIV.<\/b><\/p>\n<p class=\"p1\"><b>F\u00fcr weitere Informationen kontaktieren Sie mich bitte.<\/b><\/p>\n<p class=\"p2\"><span class=\"s1\"><a href=\"mailto:info@apimat.ch\"><b>info@apimat.ch<\/b><\/a><\/span><\/p>\n<p class=\"p1\"><b>Telefon: 076 213 80 33<\/b><\/p>\n","protected":false},"excerpt":{"rendered":"<p>Thermomel Heizdecke: sehr wirtschaftlich und sehr niedriger Stromverbrauch! Es handelt sich um eine Heizdecke mit geregelter Temperatur, die es erm\u00f6glicht, ein 300-kg-Fass Honig in 24\/48 Stunden zu entkristallisieren. Die Erw\u00e4rmung erfolgt gleichm\u00e4\u00dfig, ohne direkten Kontakt und ohne hei\u00dfe Stellen. Es besteht keine Gefahr der \u00dcberhitzung. Temperatur von 30 bis 90 \u00b0C einstellbar. Einhaltung der CE-Norm, [&hellip;]<\/p>\n","protected":false},"featured_media":19290,"template":"","meta":{"_uf_show_specific_survey":0,"_uf_disable_surveys":false},"product_cat":[108],"product_tag":[],"aioseo_notices":[],"_links":{"self":[{"href":"https:\/\/apimat.ch\/de\/wp-json\/wp\/v2\/product\/19775"}],"collection":[{"href":"https:\/\/apimat.ch\/de\/wp-json\/wp\/v2\/product"}],"about":[{"href":"https:\/\/apimat.ch\/de\/wp-json\/wp\/v2\/types\/product"}],"wp:featuredmedia":[{"embeddable":true,"href":"https:\/\/apimat.ch\/de\/wp-json\/wp\/v2\/media\/19290"}],"wp:attachment":[{"href":"https:\/\/apimat.ch\/de\/wp-json\/wp\/v2\/media?parent=19775"}],"wp:term":[{"taxonomy":"product_cat","embeddable":true,"href":"https:\/\/apimat.ch\/de\/wp-json\/wp\/v2\/product_cat?post=19775"},{"taxonomy":"product_tag","embeddable":true,"href":"https:\/\/apimat.ch\/de\/wp-json\/wp\/v2\/product_tag?post=19775"}],"curies":[{"name":"wp","href":"https:\/\/api.w.org\/{rel}","templated":true}]}}