{"id":19783,"date":"2022-08-25T18:12:06","date_gmt":"2022-09-10T13:39:48","guid":{"rendered":"https:\/\/apimat.ch\/?post_type=product&#038;p=19783"},"modified":"2022-09-10T15:39:48","modified_gmt":"2022-09-10T13:39:48","slug":"honigspatel-breit-20cm","status":"publish","type":"product","link":"https:\/\/apimat.ch\/de\/produit\/honigspatel-breit-20cm\/","title":{"rendered":"Honigspatel breit 20cm"},"content":{"rendered":"<p>Dieser Honigspatel (auch Maryse oder Honigschaufel genannt) ist sehr praktisch f\u00fcr alle Honigmanipulationen in der Imkerei. Mit ihm l\u00e4sst sich der Honig von den W\u00e4nden absch\u00f6pfen, ohne diese zu besch\u00e4digen.<\/p>\n<p>Sie hat einen breiten Griff, der gut in der Hand liegt. Sein Spatel ist ca. 20 cm breit (H\u00f6he des Spatels 9,5 cm).<\/p>\n<p>Einfache Pflege: Er ist sp\u00fclmaschinenfest.<\/p>\n<p class=\"p1\"><b>DIE PREISE SIND JE NACH MENGE DEGRESSIV.<\/b><\/p>\n<p class=\"p1\"><b>F\u00fcr weitere Informationen kontaktieren Sie mich bitte.<\/b><\/p>\n<p class=\"p2\"><span class=\"s1\"><a href=\"mailto:info@apimat.ch\"><b>info@apimat.ch<\/b><\/a><\/span><\/p>\n<p class=\"p1\"><b>Telefon: 076 213 80 33<\/b><\/p>\n","protected":false},"excerpt":{"rendered":"<p>Dieser Honigspatel (auch Maryse oder Honigschaufel genannt) ist sehr praktisch f\u00fcr alle Honigmanipulationen in der Imkerei. Mit ihm l\u00e4sst sich der Honig von den W\u00e4nden absch\u00f6pfen, ohne diese zu besch\u00e4digen. Sie hat einen breiten Griff, der gut in der Hand liegt. Sein Spatel ist ca. 20 cm breit (H\u00f6he des Spatels 9,5 cm). Einfache Pflege: [&hellip;]<\/p>\n","protected":false},"featured_media":19302,"template":"","meta":{"_uf_show_specific_survey":0,"_uf_disable_surveys":false},"product_cat":[108],"product_tag":[],"aioseo_notices":[],"_links":{"self":[{"href":"https:\/\/apimat.ch\/de\/wp-json\/wp\/v2\/product\/19783"}],"collection":[{"href":"https:\/\/apimat.ch\/de\/wp-json\/wp\/v2\/product"}],"about":[{"href":"https:\/\/apimat.ch\/de\/wp-json\/wp\/v2\/types\/product"}],"wp:featuredmedia":[{"embeddable":true,"href":"https:\/\/apimat.ch\/de\/wp-json\/wp\/v2\/media\/19302"}],"wp:attachment":[{"href":"https:\/\/apimat.ch\/de\/wp-json\/wp\/v2\/media?parent=19783"}],"wp:term":[{"taxonomy":"product_cat","embeddable":true,"href":"https:\/\/apimat.ch\/de\/wp-json\/wp\/v2\/product_cat?post=19783"},{"taxonomy":"product_tag","embeddable":true,"href":"https:\/\/apimat.ch\/de\/wp-json\/wp\/v2\/product_tag?post=19783"}],"curies":[{"name":"wp","href":"https:\/\/api.w.org\/{rel}","templated":true}]}}