{"id":19790,"date":"2022-08-25T18:20:40","date_gmt":"2022-09-10T13:52:10","guid":{"rendered":"https:\/\/apimat.ch\/?post_type=product&#038;p=19790"},"modified":"2022-10-01T19:05:00","modified_gmt":"2022-10-01T17:05:00","slug":"schneckenpresse-fuer-wachsdeckel-extruder-50-kg-pro-stunde","status":"publish","type":"product","link":"https:\/\/apimat.ch\/de\/produit\/schneckenpresse-fuer-wachsdeckel-extruder-50-kg-pro-stunde\/","title":{"rendered":"Schneckenpresse f\u00fcr Wachsdeckel &#8220;Extruder &#8221; 50 kg pro Stunde + Entdeckelungsstand"},"content":{"rendered":"<p>Entk\u00f6rnen Sie direkt \u00fcber dem Extruder mit einer Kapazit\u00e4t von 50 kg\/h.<br \/>\nAuf einem Gestell k\u00f6nnen Sie 10 Rahmen vor dem Durchlauf durch den Extruder lagern.<br \/>\nDie gesamte Einheit aus Edelstahl ist auf Rollen montiert und nimmt nur wenig Platz ein.<\/p>\n<p>Besondere Merkmale :<br \/>\n&#8211; komplett aus hochwertigem Edelstahl,<br \/>\n&#8211; elektrische Stromversorgung,<br \/>\n&#8211; Kapazit\u00e4t: 50 kg \/ Stunde,<br \/>\n&#8211; mit R\u00e4dern ausgestattet, um den Transport zu erleichtern.<\/p>\n<p>Abmessungen Stand: 1200 x 500 x 1000 mm,<br \/>\nAbmessungen Trichter (oben): 420 x 320 mm,<br \/>\nH\u00f6he des Bodenauslasses: unten 130 mm \/ oben 170 mm.<\/p>\n<h3>Ebenfalls verf\u00fcgbar:<\/h3>\n<h3>Schneckenpresse f\u00fcr Wachsdeckel &#8220;Extruder &#8221; 100 kg pro Stunde<\/h3>\n<h3>Schneckenpresse f\u00fcr Wachsdeckel &#8220;Extruder &#8221; 200 kg pro Stunde<\/h3>\n<p>&nbsp;<\/p>\n<p class=\"p1\"><b>DIE PREISE SIND JE NACH MENGE DEGRESSIV.<\/b><\/p>\n<p class=\"p1\"><b>F\u00fcr weitere Informationen kontaktieren Sie mich bitte.<\/b><\/p>\n<p class=\"p2\"><span class=\"s1\"><a href=\"mailto:info@apimat.ch\"><b>info@apimat.ch<\/b><\/a><\/span><\/p>\n<p class=\"p1\"><b>Telefon: 076 213 80 33<\/b><\/p>\n","protected":false},"excerpt":{"rendered":"<p>Entk\u00f6rnen Sie direkt \u00fcber dem Extruder mit einer Kapazit\u00e4t von 50 kg\/h. Auf einem Gestell k\u00f6nnen Sie 10 Rahmen vor dem Durchlauf durch den Extruder lagern. Die gesamte Einheit aus Edelstahl ist auf Rollen montiert und nimmt nur wenig Platz ein. Besondere Merkmale : &#8211; komplett aus hochwertigem Edelstahl, &#8211; elektrische Stromversorgung, &#8211; Kapazit\u00e4t: 50 [&hellip;]<\/p>\n","protected":false},"featured_media":19311,"template":"","meta":{"_uf_show_specific_survey":0,"_uf_disable_surveys":false},"product_cat":[108,128,103],"product_tag":[],"aioseo_notices":[],"_links":{"self":[{"href":"https:\/\/apimat.ch\/de\/wp-json\/wp\/v2\/product\/19790"}],"collection":[{"href":"https:\/\/apimat.ch\/de\/wp-json\/wp\/v2\/product"}],"about":[{"href":"https:\/\/apimat.ch\/de\/wp-json\/wp\/v2\/types\/product"}],"wp:featuredmedia":[{"embeddable":true,"href":"https:\/\/apimat.ch\/de\/wp-json\/wp\/v2\/media\/19311"}],"wp:attachment":[{"href":"https:\/\/apimat.ch\/de\/wp-json\/wp\/v2\/media?parent=19790"}],"wp:term":[{"taxonomy":"product_cat","embeddable":true,"href":"https:\/\/apimat.ch\/de\/wp-json\/wp\/v2\/product_cat?post=19790"},{"taxonomy":"product_tag","embeddable":true,"href":"https:\/\/apimat.ch\/de\/wp-json\/wp\/v2\/product_tag?post=19790"}],"curies":[{"name":"wp","href":"https:\/\/api.w.org\/{rel}","templated":true}]}}