{"id":19794,"date":"2022-08-25T19:35:01","date_gmt":"2022-09-10T14:06:49","guid":{"rendered":"https:\/\/apimat.ch\/?post_type=product&#038;p=19794"},"modified":"2022-11-01T18:36:13","modified_gmt":"2022-11-01T17:36:13","slug":"schneckenpresse-fuer-wachsdeckel-extruder-200-kg-pro-stunde-entdeckelungsstand","status":"publish","type":"product","link":"https:\/\/apimat.ch\/de\/produit\/schneckenpresse-fuer-wachsdeckel-extruder-200-kg-pro-stunde-entdeckelungsstand\/","title":{"rendered":"Schneckenpresse f\u00fcr Wachsdeckel &#8220;Extruder &#8221; 200 kg pro Stunde &#8211; Premium"},"content":{"rendered":"<p>Schneckenpresse f\u00fcr Wachsdeckel &#8220;Extruder &#8221; 200 kg pro Stunde<\/p>\n<p>Entwickelt, um Honig und Deckel mechanisch zu trennen. Dieser Prozess findet im Inneren eines rotierenden perforierten Zylinders statt, wo das Trennmodul den Honig komprimiert, der in die L\u00f6cher eindringt und auf ein darunter liegendes Sieb rieselt, w\u00e4hrend das verbleibende Wachs durch die Schnecke im Inneren des Extruders gedr\u00fcckt und komprimiert und dann ausgebreitet wird.<\/p>\n<p>Besondere Merkmale:<br \/>\n&#8211; komplett aus hochwertigem Edelstahl, Blechdicke 0,8 mm.<br \/>\n&#8211; Stromversorgung 230 V &#8211; Leistung 0,75 kW,<br \/>\n&#8211; Kapazit\u00e4t: 200 kg \/ Stunde,<br \/>\n&#8211; Motor mit Drehzahlregelung: max. 5 Umdrehungen \/ min,<br \/>\n&#8211; mit R\u00e4dern ausgestattet, um den Transport zu erleichtern.<\/p>\n<h3>Ebenfalls verf\u00fcgbar:<\/h3>\n<h3>Schneckenpresse f\u00fcr Wachsdeckel &#8220;Extruder &#8221; 50 kg pro Stunde<\/h3>\n<h3>Schneckenpresse f\u00fcr Wachsdeckel &#8220;Extruder &#8221; 100 kg pro Stunde<\/h3>\n<p>&nbsp;<\/p>\n<p class=\"p1\"><b>DIE PREISE SIND JE NACH MENGE DEGRESSIV.<\/b><\/p>\n<p class=\"p1\"><b>F\u00fcr weitere Informationen kontaktieren Sie mich bitte.<\/b><\/p>\n<p class=\"p2\"><span class=\"s1\"><a href=\"mailto:info@apimat.ch\"><b>info@apimat.ch<\/b><\/a><\/span><\/p>\n<p class=\"p1\"><b>Telefon: 076 213 80 33<\/b><\/p>\n","protected":false},"excerpt":{"rendered":"<p>Schneckenpresse f\u00fcr Wachsdeckel &#8220;Extruder &#8221; 200 kg pro Stunde Entwickelt, um Honig und Deckel mechanisch zu trennen. Dieser Prozess findet im Inneren eines rotierenden perforierten Zylinders statt, wo das Trennmodul den Honig komprimiert, der in die L\u00f6cher eindringt und auf ein darunter liegendes Sieb rieselt, w\u00e4hrend das verbleibende Wachs durch die Schnecke im Inneren des [&hellip;]<\/p>\n","protected":false},"featured_media":19320,"template":"","meta":{"_uf_show_specific_survey":0,"_uf_disable_surveys":false},"product_cat":[128,103],"product_tag":[],"aioseo_notices":[],"_links":{"self":[{"href":"https:\/\/apimat.ch\/de\/wp-json\/wp\/v2\/product\/19794"}],"collection":[{"href":"https:\/\/apimat.ch\/de\/wp-json\/wp\/v2\/product"}],"about":[{"href":"https:\/\/apimat.ch\/de\/wp-json\/wp\/v2\/types\/product"}],"wp:featuredmedia":[{"embeddable":true,"href":"https:\/\/apimat.ch\/de\/wp-json\/wp\/v2\/media\/19320"}],"wp:attachment":[{"href":"https:\/\/apimat.ch\/de\/wp-json\/wp\/v2\/media?parent=19794"}],"wp:term":[{"taxonomy":"product_cat","embeddable":true,"href":"https:\/\/apimat.ch\/de\/wp-json\/wp\/v2\/product_cat?post=19794"},{"taxonomy":"product_tag","embeddable":true,"href":"https:\/\/apimat.ch\/de\/wp-json\/wp\/v2\/product_tag?post=19794"}],"curies":[{"name":"wp","href":"https:\/\/api.w.org\/{rel}","templated":true}]}}