{"id":19797,"date":"2022-08-26T07:36:08","date_gmt":"2022-09-10T14:16:52","guid":{"rendered":"https:\/\/apimat.ch\/?post_type=product&#038;p=19797"},"modified":"2022-09-10T16:16:53","modified_gmt":"2022-09-10T14:16:53","slug":"wasserhahn-aus-kunststoff-perfektion-aussengewinde","status":"publish","type":"product","link":"https:\/\/apimat.ch\/de\/produit\/wasserhahn-aus-kunststoff-perfektion-aussengewinde\/","title":{"rendered":"Wasserhahn aus Kunststoff  &#8220;Perfektion&#8221; Au\u00dfengewinde"},"content":{"rendered":"<p>Wasserhahn aus Kunststoff &#8220;Perfektion&#8221; Au\u00dfengewinde<\/p>\n<p>Unentbehrlich, um Ihren Honig sauber zu schleudern und das Abf\u00fcllen in Gl\u00e4ser zu erleichtern.<br \/>\nSein breiter Griff macht ihn sehr handlich und erm\u00f6glicht Ihnen so eine sehr genaue Dosierung und einen sauberen Schnitt des Honigflusses.<br \/>\nWird ohne Dichtung verkauft.<\/p>\n<p>Entsprechung der Anschlussma\u00dfe in mm und Zoll :<br \/>\n&#8211; Durchmesser 33 mm (innen) \/ 42 mm (au\u00dfen) = 1 \u00bc Zoll<br \/>\n&#8211; Durchmesser 40 mm (innen) \/ 49 mm (au\u00dfen) = 1 \u00bd Zoll<br \/>\n&#8211; Durchmesser 50 mm (innen) \/ 60 mm (au\u00dfen) = 2 Zoll<\/p>\n<p class=\"p2\"><b>DIE PREISE SIND JE NACH MENGE DEGRESSIV.<\/b><\/p>\n<p class=\"p2\"><b>F\u00fcr weitere Informationen kontaktieren Sie mich bitte.<\/b><\/p>\n<p class=\"p3\"><span class=\"s1\"><a href=\"mailto:info@apimat.ch\"><b>info@apimat.ch<\/b><\/a><\/span><\/p>\n<p class=\"p2\"><b>Telefon: 076 213 80 33<\/b><\/p>\n","protected":false},"excerpt":{"rendered":"<p>Wasserhahn aus Kunststoff &#8220;Perfektion&#8221; Au\u00dfengewinde Unentbehrlich, um Ihren Honig sauber zu schleudern und das Abf\u00fcllen in Gl\u00e4ser zu erleichtern. Sein breiter Griff macht ihn sehr handlich und erm\u00f6glicht Ihnen so eine sehr genaue Dosierung und einen sauberen Schnitt des Honigflusses. Wird ohne Dichtung verkauft. Entsprechung der Anschlussma\u00dfe in mm und Zoll : &#8211; Durchmesser 33 [&hellip;]<\/p>\n","protected":false},"featured_media":19329,"template":"","meta":{"_uf_show_specific_survey":0,"_uf_disable_surveys":false},"product_cat":[108],"product_tag":[],"aioseo_notices":[],"_links":{"self":[{"href":"https:\/\/apimat.ch\/de\/wp-json\/wp\/v2\/product\/19797"}],"collection":[{"href":"https:\/\/apimat.ch\/de\/wp-json\/wp\/v2\/product"}],"about":[{"href":"https:\/\/apimat.ch\/de\/wp-json\/wp\/v2\/types\/product"}],"wp:featuredmedia":[{"embeddable":true,"href":"https:\/\/apimat.ch\/de\/wp-json\/wp\/v2\/media\/19329"}],"wp:attachment":[{"href":"https:\/\/apimat.ch\/de\/wp-json\/wp\/v2\/media?parent=19797"}],"wp:term":[{"taxonomy":"product_cat","embeddable":true,"href":"https:\/\/apimat.ch\/de\/wp-json\/wp\/v2\/product_cat?post=19797"},{"taxonomy":"product_tag","embeddable":true,"href":"https:\/\/apimat.ch\/de\/wp-json\/wp\/v2\/product_tag?post=19797"}],"curies":[{"name":"wp","href":"https:\/\/api.w.org\/{rel}","templated":true}]}}