{"id":19818,"date":"2022-08-26T15:43:37","date_gmt":"2022-09-10T21:17:46","guid":{"rendered":"https:\/\/apimat.ch\/?post_type=product&#038;p=19818"},"modified":"2022-09-26T09:41:28","modified_gmt":"2022-09-26T07:41:28","slug":"thomas-abfuellkessel-in-edelstahl-geneigtem-boden-mit-total-evakuierung","status":"publish","type":"product","link":"https:\/\/apimat.ch\/de\/produit\/thomas-abfuellkessel-in-edelstahl-geneigtem-boden-mit-total-evakuierung\/","title":{"rendered":"Thomas Abf\u00fcllkessel in Edelstahl, geneigtem Boden mit total Evakuierung"},"content":{"rendered":"<p>Thomas Abf\u00fcllkessel in Edelstahl, geneigtem Boden mit total Evakuierung<\/p>\n<p>Bevor Sie Ihren Honig abf\u00fcllen, muss der Honig gereinigt werden: Phase des Absetzens und Filterns. Dazu muss der Imker \u00fcber ein Minimum an Material verf\u00fcgen, n\u00e4mlich einen Reifungsapparat, um sicherzustellen, dass er einen genie\u00dfbaren und qualitativ hochwertigen Honig sammelt, der von allen Unreinheiten entfernt ist.<\/p>\n<p>Der Maturator Thomas besitzt einen Edelstahlbeh\u00e4lter und einen flachen, geneigten Boden mit vollst\u00e4ndigem Abfluss und Perfektionshahn.<\/p>\n<p>Erh\u00e4ltlich in verschiedenen Gr\u00f6\u00dfen:<\/p>\n<p>H\u00f6he 540 mm, Durchmesser 375 mm, Fassungsverm\u00f6gen Honig 50 kg.<br \/>\nH\u00f6he 840 mm, Durchmesser 380 mm, Inhalt Honig 100 kg.<br \/>\nH\u00f6he 880 mm, Durchmesser 470 mm, Inhalt Honig 200 kg.<br \/>\nH\u00f6he 1060 mm, Durchmesser 610 mm, Inhalt Honig 350 kg<\/p>\n<p>das Datenblatt herunterladen =&gt; <a href=\"https:\/\/apimat.ch\/wp-content\/uploads\/2022\/08\/Maturateurs-Melinox-2-4.pdf\">Maturateurs Melinox-2-4<\/a><\/p>\n<p class=\"p1\"><b>DIE PREISE SIND JE NACH MENGE DEGRESSIV.<\/b><\/p>\n<p class=\"p1\"><b>F\u00fcr weitere Informationen kontaktieren Sie mich bitte.<\/b><\/p>\n<p class=\"p2\"><span class=\"s1\"><a href=\"mailto:info@apimat.ch\"><b>info@apimat.ch<\/b><\/a><\/span><\/p>\n<p class=\"p1\"><b>Telefon: 076 213 80 33<\/b><\/p>\n","protected":false},"excerpt":{"rendered":"<p>Thomas Abf\u00fcllkessel in Edelstahl, geneigtem Boden mit total Evakuierung Bevor Sie Ihren Honig abf\u00fcllen, muss der Honig gereinigt werden: Phase des Absetzens und Filterns. Dazu muss der Imker \u00fcber ein Minimum an Material verf\u00fcgen, n\u00e4mlich einen Reifungsapparat, um sicherzustellen, dass er einen genie\u00dfbaren und qualitativ hochwertigen Honig sammelt, der von allen Unreinheiten entfernt ist. Der [&hellip;]<\/p>\n","protected":false},"featured_media":19353,"template":"","meta":{"_uf_show_specific_survey":0,"_uf_disable_surveys":false},"product_cat":[108],"product_tag":[],"aioseo_notices":[],"_links":{"self":[{"href":"https:\/\/apimat.ch\/de\/wp-json\/wp\/v2\/product\/19818"}],"collection":[{"href":"https:\/\/apimat.ch\/de\/wp-json\/wp\/v2\/product"}],"about":[{"href":"https:\/\/apimat.ch\/de\/wp-json\/wp\/v2\/types\/product"}],"wp:featuredmedia":[{"embeddable":true,"href":"https:\/\/apimat.ch\/de\/wp-json\/wp\/v2\/media\/19353"}],"wp:attachment":[{"href":"https:\/\/apimat.ch\/de\/wp-json\/wp\/v2\/media?parent=19818"}],"wp:term":[{"taxonomy":"product_cat","embeddable":true,"href":"https:\/\/apimat.ch\/de\/wp-json\/wp\/v2\/product_cat?post=19818"},{"taxonomy":"product_tag","embeddable":true,"href":"https:\/\/apimat.ch\/de\/wp-json\/wp\/v2\/product_tag?post=19818"}],"curies":[{"name":"wp","href":"https:\/\/api.w.org\/{rel}","templated":true}]}}