{"id":19829,"date":"2022-08-27T13:17:08","date_gmt":"2022-09-10T21:20:12","guid":{"rendered":"https:\/\/apimat.ch\/?post_type=product&#038;p=19829"},"modified":"2023-02-14T16:26:03","modified_gmt":"2023-02-14T15:26:03","slug":"nitril-chemikalienhandschuh-mit-bienenstockbehandlung-groesse-s-m-l-und-xl","status":"publish","type":"product","link":"https:\/\/apimat.ch\/de\/produit\/nitril-chemikalienhandschuh-mit-bienenstockbehandlung-groesse-s-m-l-und-xl\/","title":{"rendered":"Nitril-Chemikalienhandschuh mit Bienenstockbehandlung Gr\u00f6\u00dfe S, M, L und XL"},"content":{"rendered":"<p>Nitril-Chemikalienhandschuh mit Bienenstockbehandlung Gr\u00f6\u00dfe S, M, L und XL<\/p>\n<p>gegen Chemikalien, Farbe: gr\u00fcn, Material: Baumwollflock, Spezialbeschichtung NBR (Nitrilgummi), perfekte Passform, guter Nassgriff und gute Abriebfestigkeit.<\/p>\n<p>In verschiedenen Gr\u00f6\u00dfen erh\u00e4ltlich.<br \/>\nGR\u00d6SSE S<br \/>\nGR\u00d6SSE M<br \/>\nGR\u00d6SSE L<br \/>\nGR\u00d6SSE XL<\/p>\n<p class=\"p1\"><b>DIE PREISE SIND JE NACH MENGE DEGRESSIV.<\/b><\/p>\n<p class=\"p1\"><b>F\u00fcr weitere Informationen kontaktieren Sie mich bitte.<\/b><\/p>\n<p class=\"p2\"><span class=\"s1\"><a href=\"mailto:info@apimat.ch\"><b>info@apimat.ch<\/b><\/a><\/span><\/p>\n<p class=\"p1\"><b>Telefon: 076 213 80 33<\/b><\/p>\n","protected":false},"excerpt":{"rendered":"<p>Nitril-Chemikalienhandschuh mit Bienenstockbehandlung Gr\u00f6\u00dfe S, M, L und XL gegen Chemikalien, Farbe: gr\u00fcn, Material: Baumwollflock, Spezialbeschichtung NBR (Nitrilgummi), perfekte Passform, guter Nassgriff und gute Abriebfestigkeit. In verschiedenen Gr\u00f6\u00dfen erh\u00e4ltlich. GR\u00d6SSE S GR\u00d6SSE M GR\u00d6SSE L GR\u00d6SSE XL DIE PREISE SIND JE NACH MENGE DEGRESSIV. F\u00fcr weitere Informationen kontaktieren Sie mich bitte. info@apimat.ch Telefon: 076 213 [&hellip;]<\/p>\n","protected":false},"featured_media":19380,"template":"","meta":{"_uf_show_specific_survey":0,"_uf_disable_surveys":false},"product_cat":[406],"product_tag":[],"aioseo_notices":[],"_links":{"self":[{"href":"https:\/\/apimat.ch\/de\/wp-json\/wp\/v2\/product\/19829"}],"collection":[{"href":"https:\/\/apimat.ch\/de\/wp-json\/wp\/v2\/product"}],"about":[{"href":"https:\/\/apimat.ch\/de\/wp-json\/wp\/v2\/types\/product"}],"wp:featuredmedia":[{"embeddable":true,"href":"https:\/\/apimat.ch\/de\/wp-json\/wp\/v2\/media\/19380"}],"wp:attachment":[{"href":"https:\/\/apimat.ch\/de\/wp-json\/wp\/v2\/media?parent=19829"}],"wp:term":[{"taxonomy":"product_cat","embeddable":true,"href":"https:\/\/apimat.ch\/de\/wp-json\/wp\/v2\/product_cat?post=19829"},{"taxonomy":"product_tag","embeddable":true,"href":"https:\/\/apimat.ch\/de\/wp-json\/wp\/v2\/product_tag?post=19829"}],"curies":[{"name":"wp","href":"https:\/\/api.w.org\/{rel}","templated":true}]}}