{"id":19843,"date":"2022-08-27T18:09:21","date_gmt":"2022-09-10T21:28:28","guid":{"rendered":"https:\/\/apimat.ch\/?post_type=product&#038;p=19843"},"modified":"2025-12-01T09:59:54","modified_gmt":"2025-12-01T08:59:54","slug":"deckel-blumen-und-berge","status":"publish","type":"product","link":"https:\/\/apimat.ch\/de\/produit\/deckel-blumen-und-berge\/","title":{"rendered":"Honigglasdeckel Blumen und Berge"},"content":{"rendered":"<p>Diese Metallkapsel Blumen und Berge ist ein Deckel, der auf ein Glas mit demselben Durchmesser geschraubt wird.<br \/>\nSie ist sehr praktisch, um Ihre Glasgef\u00e4\u00dfe zu pasteurisieren und so die Haltbarkeit Ihrer Produkte zu optimieren.<\/p>\n<p>Qualit\u00e4t: pasteurisierbar<\/p>\n<ul>\n<li><strong>Es ist in den folgenden Formaten erh\u00e4ltlich:<\/strong><\/li>\n<li><strong>\u00d863mm f\u00fcr 250g-Beh\u00e4lter.<\/strong><\/li>\n<li><strong>\u00d882mm f\u00fcr 1kg und 500g T\u00f6pfe.<\/strong><\/li>\n<\/ul>\n<p class=\"p1\"><b>DIE PREISE SIND JE NACH MENGE DEGRESSIV.<\/b><\/p>\n<p class=\"p1\"><b>F\u00fcr weitere Informationen kontaktieren Sie mich bitte.<\/b><\/p>\n<p class=\"p2\"><span class=\"s1\"><a href=\"mailto:info@apimat.ch\"><b>info@apimat.ch<\/b><\/a><\/span><\/p>\n<p class=\"p1\"><b>Telefon: 076 213 80 33<\/b><\/p>\n<p>&nbsp;<\/p>\n","protected":false},"excerpt":{"rendered":"<p>Diese Metallkapsel Blumen und Berge ist ein Deckel, der auf ein Glas mit demselben Durchmesser geschraubt wird. Sie ist sehr praktisch, um Ihre Glasgef\u00e4\u00dfe zu pasteurisieren und so die Haltbarkeit Ihrer Produkte zu optimieren. Qualit\u00e4t: pasteurisierbar Es ist in den folgenden Formaten erh\u00e4ltlich: \u00d863mm f\u00fcr 250g-Beh\u00e4lter. \u00d882mm f\u00fcr 1kg und 500g T\u00f6pfe. DIE PREISE SIND [&hellip;]<\/p>\n","protected":false},"featured_media":19403,"template":"","meta":{"_uf_show_specific_survey":0,"_uf_disable_surveys":false},"product_cat":[106],"product_tag":[],"aioseo_notices":[],"_links":{"self":[{"href":"https:\/\/apimat.ch\/de\/wp-json\/wp\/v2\/product\/19843"}],"collection":[{"href":"https:\/\/apimat.ch\/de\/wp-json\/wp\/v2\/product"}],"about":[{"href":"https:\/\/apimat.ch\/de\/wp-json\/wp\/v2\/types\/product"}],"wp:featuredmedia":[{"embeddable":true,"href":"https:\/\/apimat.ch\/de\/wp-json\/wp\/v2\/media\/19403"}],"wp:attachment":[{"href":"https:\/\/apimat.ch\/de\/wp-json\/wp\/v2\/media?parent=19843"}],"wp:term":[{"taxonomy":"product_cat","embeddable":true,"href":"https:\/\/apimat.ch\/de\/wp-json\/wp\/v2\/product_cat?post=19843"},{"taxonomy":"product_tag","embeddable":true,"href":"https:\/\/apimat.ch\/de\/wp-json\/wp\/v2\/product_tag?post=19843"}],"curies":[{"name":"wp","href":"https:\/\/api.w.org\/{rel}","templated":true}]}}