{"id":19854,"date":"2022-08-27T18:46:57","date_gmt":"2022-09-10T21:41:27","guid":{"rendered":"https:\/\/apimat.ch\/?post_type=product&#038;p=19854"},"modified":"2025-12-01T09:59:33","modified_gmt":"2025-12-01T08:59:33","slug":"schwarzer-deckel-mit-blume","status":"publish","type":"product","link":"https:\/\/apimat.ch\/de\/produit\/schwarzer-deckel-mit-blume\/","title":{"rendered":"Schwarzer Honigglasdeckel mit Blume"},"content":{"rendered":"<p>Diese Metallkapsel mit schwarzem Deckel und Blume ist ein Deckel, der auf ein Glas mit demselben Durchmesser geschraubt wird.<\/p>\n<p>Sie ist sehr praktisch, um Ihre Glasgef\u00e4\u00dfe zu pasteurisieren und so die Haltbarkeit Ihrer Produkte zu optimieren.<\/p>\n<p>Qualit\u00e4t: pasteurisierbar<\/p>\n<ul>\n<li>\n<h3>Es gibt sie in den folgenden Formaten:<\/h3>\n<\/li>\n<li>\n<h3>\u00d863mm f\u00fcr 250g-Gl\u00e4ser.<\/h3>\n<\/li>\n<li>\n<h3>\u00d882mm f\u00fcr Gl\u00e4ser mit 1 kg und 500 g. niedrig<\/h3>\n<\/li>\n<\/ul>\n<p class=\"p1\"><b>DIE PREISE SIND JE NACH MENGE DEGRESSIV.<\/b><\/p>\n<p class=\"p1\"><b>F\u00fcr weitere Informationen kontaktieren Sie mich bitte.<\/b><\/p>\n<p class=\"p2\"><span class=\"s1\"><a href=\"mailto:info@apimat.ch\"><b>info@apimat.ch<\/b><\/a><\/span><\/p>\n<p class=\"p1\"><b>Telefon: 076 213 80 33<\/b><\/p>\n","protected":false},"excerpt":{"rendered":"<p>Diese Metallkapsel mit schwarzem Deckel und Blume ist ein Deckel, der auf ein Glas mit demselben Durchmesser geschraubt wird. Sie ist sehr praktisch, um Ihre Glasgef\u00e4\u00dfe zu pasteurisieren und so die Haltbarkeit Ihrer Produkte zu optimieren. Qualit\u00e4t: pasteurisierbar Es gibt sie in den folgenden Formaten: \u00d863mm f\u00fcr 250g-Gl\u00e4ser. \u00d882mm f\u00fcr Gl\u00e4ser mit 1 kg und [&hellip;]<\/p>\n","protected":false},"featured_media":19406,"template":"","meta":{"_uf_show_specific_survey":0,"_uf_disable_surveys":false},"product_cat":[106],"product_tag":[],"aioseo_notices":[],"_links":{"self":[{"href":"https:\/\/apimat.ch\/de\/wp-json\/wp\/v2\/product\/19854"}],"collection":[{"href":"https:\/\/apimat.ch\/de\/wp-json\/wp\/v2\/product"}],"about":[{"href":"https:\/\/apimat.ch\/de\/wp-json\/wp\/v2\/types\/product"}],"wp:featuredmedia":[{"embeddable":true,"href":"https:\/\/apimat.ch\/de\/wp-json\/wp\/v2\/media\/19406"}],"wp:attachment":[{"href":"https:\/\/apimat.ch\/de\/wp-json\/wp\/v2\/media?parent=19854"}],"wp:term":[{"taxonomy":"product_cat","embeddable":true,"href":"https:\/\/apimat.ch\/de\/wp-json\/wp\/v2\/product_cat?post=19854"},{"taxonomy":"product_tag","embeddable":true,"href":"https:\/\/apimat.ch\/de\/wp-json\/wp\/v2\/product_tag?post=19854"}],"curies":[{"name":"wp","href":"https:\/\/api.w.org\/{rel}","templated":true}]}}