{"id":19867,"date":"2022-08-29T17:40:07","date_gmt":"2022-09-10T21:48:04","guid":{"rendered":"https:\/\/apimat.ch\/?post_type=product&#038;p=19867"},"modified":"2022-09-10T23:48:05","modified_gmt":"2022-09-10T21:48:05","slug":"honigglasdeckel-gold-ohne-pvc-kompatibel-bio-suisse","status":"publish","type":"product","link":"https:\/\/apimat.ch\/de\/produit\/honigglasdeckel-gold-ohne-pvc-kompatibel-bio-suisse\/","title":{"rendered":"Honigglasdeckel &#8220;Gold&#8221; OHNE PVC kompatibel Bio Suisse"},"content":{"rendered":"<p>Honigglasdeckel &#8220;Gold&#8221; OHNE PVC kompatibel Bio Suisse<\/p>\n<p>&nbsp;<\/p>\n<ul>\n<li>\n<h3>Es ist in den folgenden Formaten erh\u00e4ltlich:<\/h3>\n<\/li>\n<li>\n<h3>\u00d840mm f\u00fcr einen 50-Gramm-Topf.<\/h3>\n<\/li>\n<li>\n<h3>\u00d848mm f\u00fcr 125g-Topf hoch<\/h3>\n<\/li>\n<li>\n<h3>\u00d853mm f\u00fcr Topf 125 g.<\/h3>\n<\/li>\n<li>\n<h3>\u00d863mm f\u00fcr 250g-Beh\u00e4lter.<\/h3>\n<\/li>\n<li>\n<h3>\u00d870mm f\u00fcr 500g-Beh\u00e4lter.<\/h3>\n<\/li>\n<li>\n<h3>\u00d882mm f\u00fcr Topf 1kg. und 500 g. niedrig<\/h3>\n<\/li>\n<\/ul>\n<p>&nbsp;<\/p>\n<p class=\"p1\"><b>DIE PREISE SIND JE NACH MENGE DEGRESSIV.<\/b><\/p>\n<p class=\"p1\"><b>F\u00fcr weitere Informationen kontaktieren Sie mich bitte.<\/b><\/p>\n<p class=\"p2\"><span class=\"s1\"><a href=\"mailto:info@apimat.ch\"><b>info@apimat.ch<\/b><\/a><\/span><\/p>\n<p class=\"p1\"><b>Telefon: 076 213 80 33<\/b><\/p>\n<p>&nbsp;<\/p>\n","protected":false},"excerpt":{"rendered":"<p>Honigglasdeckel &#8220;Gold&#8221; OHNE PVC kompatibel Bio Suisse &nbsp; Es ist in den folgenden Formaten erh\u00e4ltlich: \u00d840mm f\u00fcr einen 50-Gramm-Topf. \u00d848mm f\u00fcr 125g-Topf hoch \u00d853mm f\u00fcr Topf 125 g. \u00d863mm f\u00fcr 250g-Beh\u00e4lter. \u00d870mm f\u00fcr 500g-Beh\u00e4lter. \u00d882mm f\u00fcr Topf 1kg. und 500 g. niedrig &nbsp; DIE PREISE SIND JE NACH MENGE DEGRESSIV. F\u00fcr weitere Informationen kontaktieren Sie [&hellip;]<\/p>\n","protected":false},"featured_media":19430,"template":"","meta":{"_uf_show_specific_survey":0,"_uf_disable_surveys":false},"product_cat":[106],"product_tag":[],"aioseo_notices":[],"_links":{"self":[{"href":"https:\/\/apimat.ch\/de\/wp-json\/wp\/v2\/product\/19867"}],"collection":[{"href":"https:\/\/apimat.ch\/de\/wp-json\/wp\/v2\/product"}],"about":[{"href":"https:\/\/apimat.ch\/de\/wp-json\/wp\/v2\/types\/product"}],"wp:featuredmedia":[{"embeddable":true,"href":"https:\/\/apimat.ch\/de\/wp-json\/wp\/v2\/media\/19430"}],"wp:attachment":[{"href":"https:\/\/apimat.ch\/de\/wp-json\/wp\/v2\/media?parent=19867"}],"wp:term":[{"taxonomy":"product_cat","embeddable":true,"href":"https:\/\/apimat.ch\/de\/wp-json\/wp\/v2\/product_cat?post=19867"},{"taxonomy":"product_tag","embeddable":true,"href":"https:\/\/apimat.ch\/de\/wp-json\/wp\/v2\/product_tag?post=19867"}],"curies":[{"name":"wp","href":"https:\/\/api.w.org\/{rel}","templated":true}]}}