{"id":19908,"date":"2022-09-02T16:01:37","date_gmt":"2022-09-11T06:22:52","guid":{"rendered":"https:\/\/apimat.ch\/?post_type=product&#038;p=19908"},"modified":"2022-09-11T08:22:53","modified_gmt":"2022-09-11T06:22:53","slug":"fluglochschieber-rostfrei-mit-seitenschieber-links-rechts-3-teilig","status":"publish","type":"product","link":"https:\/\/apimat.ch\/de\/produit\/fluglochschieber-rostfrei-mit-seitenschieber-links-rechts-3-teilig\/","title":{"rendered":"Fluglochschieber rostfrei mit Seitenschieber links\/rechts &#8211; 3-teilig"},"content":{"rendered":"<p>Fluglochschieber rostfrei mit Seitenschieber links\/rechts &#8211; 3-teilig<\/p>\n<p>&nbsp;<\/p>\n<p>in verschiedenen Gr\u00f6\u00dfen erh\u00e4ltlich :<\/p>\n<ul>\n<li>50 cm<\/li>\n<li>42,5 cm<\/li>\n<li>30 cm<\/li>\n<li>25 cm<\/li>\n<li>20cm<\/li>\n<\/ul>\n<p class=\"p2\"><b>DIE PREISE SIND JE NACH MENGE DEGRESSIV.<\/b><\/p>\n<p class=\"p2\"><b>F\u00fcr weitere Informationen kontaktieren Sie mich bitte.<\/b><\/p>\n<p class=\"p3\"><span class=\"s1\"><a href=\"mailto:info@apimat.ch\"><b>info@apimat.ch<\/b><\/a><\/span><\/p>\n<p class=\"p2\"><b>Telefon: 076 213 80 33<\/b><\/p>\n","protected":false},"excerpt":{"rendered":"<p>Fluglochschieber rostfrei mit Seitenschieber links\/rechts &#8211; 3-teilig &nbsp; in verschiedenen Gr\u00f6\u00dfen erh\u00e4ltlich : 50 cm 42,5 cm 30 cm 25 cm 20cm DIE PREISE SIND JE NACH MENGE DEGRESSIV. F\u00fcr weitere Informationen kontaktieren Sie mich bitte. info@apimat.ch Telefon: 076 213 80 33<\/p>\n","protected":false},"featured_media":19544,"template":"","meta":{"_uf_show_specific_survey":0,"_uf_disable_surveys":false},"product_cat":[102],"product_tag":[],"aioseo_notices":[],"_links":{"self":[{"href":"https:\/\/apimat.ch\/de\/wp-json\/wp\/v2\/product\/19908"}],"collection":[{"href":"https:\/\/apimat.ch\/de\/wp-json\/wp\/v2\/product"}],"about":[{"href":"https:\/\/apimat.ch\/de\/wp-json\/wp\/v2\/types\/product"}],"wp:featuredmedia":[{"embeddable":true,"href":"https:\/\/apimat.ch\/de\/wp-json\/wp\/v2\/media\/19544"}],"wp:attachment":[{"href":"https:\/\/apimat.ch\/de\/wp-json\/wp\/v2\/media?parent=19908"}],"wp:term":[{"taxonomy":"product_cat","embeddable":true,"href":"https:\/\/apimat.ch\/de\/wp-json\/wp\/v2\/product_cat?post=19908"},{"taxonomy":"product_tag","embeddable":true,"href":"https:\/\/apimat.ch\/de\/wp-json\/wp\/v2\/product_tag?post=19908"}],"curies":[{"name":"wp","href":"https:\/\/api.w.org\/{rel}","templated":true}]}}